{"id":1002,"date":"2021-10-08T06:08:04","date_gmt":"2021-10-08T06:08:04","guid":{"rendered":"http:\/\/supernamai.shop\/?page_id=1002"},"modified":"2024-09-30T13:54:12","modified_gmt":"2024-09-30T13:54:12","slug":"about","status":"publish","type":"page","link":"https:\/\/supernamai.shop\/?page_id=1002","title":{"rendered":"Apie mus"},"content":{"rendered":"<div class=\"wp-block-group alignfull has-ast-global-color-5-background-color has-background is-layout-flow wp-block-group-is-layout-flow\"><div class=\"wp-block-group__inner-container\"><div class=\"wp-block-columns is-layout-flex wp-container-core-columns-is-layout-1 wp-block-columns-is-layout-flex\"><div class=\"wp-block-column is-layout-flow wp-block-column-is-layout-flow\" style=\"flex-basis:33.33%\"><h1 class=\"wp-block-heading\">Apie mus<\/h1><\/div>\n\n<div class=\"wp-block-column is-layout-flow wp-block-column-is-layout-flow\" style=\"flex-basis:66.66%\"><h3 class=\"wp-block-heading\">Trumpai apie mus<\/h3>\n\n<p>Esame Super komanda \ud83d\ude42 Prekyboje dirbame jau 20 met\u0173, nusprend\u0117me prad\u0117ti savo versl\u0105 ir pasi\u016blyti Jums preki\u0173 u\u017e puiki\u0105 kain\u0105. Pas mus rasite visko, ko gali prireikti J\u016bs\u0173 namams. Daugiausiai d\u0117mesio skirsime Facebook Live pardavimams, tai laukiame J\u016bs\u0173, prisijunkite ir praleiskite laik\u0105 su mumis <a href=\"https:\/\/www.facebook.com\/supernamai\" target=\"_blank\" rel=\"noreferrer noopener\">SUPERNAMAI <\/a><\/p><\/div><\/div><\/div><\/div><div class=\"wp-block-group alignfull has-ast-global-color-5-background-color has-background is-layout-flow wp-block-group-is-layout-flow\"><div class=\"wp-block-group__inner-container\"><figure class=\"wp-block-image aligncenter size-large is-resized\"><img loading=\"lazy\" decoding=\"async\" width=\"1024\" height=\"512\" src=\"https:\/\/websitedemos.net\/plant-shop-08\/wp-content\/uploads\/sites\/964\/2021\/08\/Group-107-1024x512.jpg\" alt=\"\" class=\"wp-image-298\" style=\"width:1024px;height:512px\" srcset=\"https:\/\/supernamai.shop\/wp-content\/uploads\/2021\/08\/Group-107-1024x512.jpg 1024w, https:\/\/supernamai.shop\/wp-content\/uploads\/2021\/08\/Group-107-600x300.jpg 600w, https:\/\/supernamai.shop\/wp-content\/uploads\/2021\/08\/Group-107-300x150.jpg 300w, https:\/\/supernamai.shop\/wp-content\/uploads\/2021\/08\/Group-107-768x384.jpg 768w, https:\/\/supernamai.shop\/wp-content\/uploads\/2021\/08\/Group-107.jpg 1200w\" sizes=\"(max-width: 1024px) 100vw, 1024px\" \/><\/figure><\/div><\/div><div class=\"wp-block-group alignfull has-ast-global-color-5-background-color has-background is-layout-flow wp-block-group-is-layout-flow\"><div class=\"wp-block-group__inner-container\"><\/div><\/div><div class=\"wp-block-group alignfull has-ast-global-color-5-background-color has-background is-layout-flow wp-block-group-is-layout-flow\"><div class=\"wp-block-group__inner-container\"><\/div><\/div><p><\/p>","protected":false},"excerpt":{"rendered":"<p>Apie mus Trumpai apie mus Esame Super komanda \ud83d\ude42 Prekyboje dirbame jau 20 met\u0173, nusprend\u0117me prad\u0117ti savo versl\u0105 ir pasi\u016blyti Jums preki\u0173 u\u017e puiki\u0105 kain\u0105. Pas mus rasite visko, ko gali prireikti J\u016bs\u0173 namams. Daugiausiai d\u0117mesio skirsime Facebook Live pardavimams, tai laukiame J\u016bs\u0173, prisijunkite ir praleiskite laik\u0105 su mumis SUPERNAMAI<\/p>\n","protected":false},"author":1,"featured_media":0,"parent":0,"menu_order":0,"comment_status":"closed","ping_status":"closed","template":"","meta":{"om_disable_all_campaigns":false,"_uag_custom_page_level_css":"","_monsterinsights_skip_tracking":false,"_monsterinsights_sitenote_active":false,"_monsterinsights_sitenote_note":"","_monsterinsights_sitenote_category":0,"site-sidebar-layout":"no-sidebar","site-content-layout":"plain-container","ast-global-header-display":"","ast-main-header-display":"","ast-hfb-above-header-display":"","ast-hfb-below-header-display":"","ast-hfb-mobile-header-display":"","site-post-title":"disabled","ast-breadcrumbs-content":"","ast-featured-img":"disabled","footer-sml-layout":"","theme-transparent-header-meta":"disabled","adv-header-id-meta":"","stick-header-meta":"","header-above-stick-meta":"","header-main-stick-meta":"","header-below-stick-meta":"","footnotes":""},"class_list":["post-1002","page","type-page","status-publish","hentry"],"aioseo_notices":[],"uagb_featured_image_src":{"full":false,"thumbnail":false,"medium":false,"medium_large":false,"large":false,"1536x1536":false,"2048x2048":false,"woocommerce_thumbnail":false,"woocommerce_single":false,"woocommerce_gallery_thumbnail":false},"uagb_author_info":{"display_name":"dovilejjj@yahoo.com","author_link":"https:\/\/supernamai.shop\/?author=1"},"uagb_comment_info":0,"uagb_excerpt":"Apie mus Trumpai apie mus Esame Super komanda \ud83d\ude42 Prekyboje dirbame jau 20 met\u0173, nusprend\u0117me prad\u0117ti savo versl\u0105 ir pasi\u016blyti Jums preki\u0173 u\u017e puiki\u0105 kain\u0105. Pas mus rasite visko, ko gali prireikti J\u016bs\u0173 namams. Daugiausiai d\u0117mesio skirsime Facebook Live pardavimams, tai laukiame J\u016bs\u0173, prisijunkite ir praleiskite laik\u0105 su mumis SUPERNAMAI","_links":{"self":[{"href":"https:\/\/supernamai.shop\/index.php?rest_route=\/wp\/v2\/pages\/1002"}],"collection":[{"href":"https:\/\/supernamai.shop\/index.php?rest_route=\/wp\/v2\/pages"}],"about":[{"href":"https:\/\/supernamai.shop\/index.php?rest_route=\/wp\/v2\/types\/page"}],"author":[{"embeddable":true,"href":"https:\/\/supernamai.shop\/index.php?rest_route=\/wp\/v2\/users\/1"}],"replies":[{"embeddable":true,"href":"https:\/\/supernamai.shop\/index.php?rest_route=%2Fwp%2Fv2%2Fcomments&post=1002"}],"version-history":[{"count":6,"href":"https:\/\/supernamai.shop\/index.php?rest_route=\/wp\/v2\/pages\/1002\/revisions"}],"predecessor-version":[{"id":1212,"href":"https:\/\/supernamai.shop\/index.php?rest_route=\/wp\/v2\/pages\/1002\/revisions\/1212"}],"wp:attachment":[{"href":"https:\/\/supernamai.shop\/index.php?rest_route=%2Fwp%2Fv2%2Fmedia&parent=1002"}],"curies":[{"name":"wp","href":"https:\/\/api.w.org\/{rel}","templated":true}]}}