{"id":1187,"date":"2024-09-11T07:24:36","date_gmt":"2024-09-11T07:24:36","guid":{"rendered":"https:\/\/supernamai.shop\/?post_type=product&#038;p=1187"},"modified":"2024-09-30T13:11:44","modified_gmt":"2024-09-30T13:11:44","slug":"moduline-batu-lentyna-6-lygiu","status":"publish","type":"product","link":"https:\/\/supernamai.shop\/?product=moduline-batu-lentyna-6-lygiu","title":{"rendered":"Modulin\u0117 bat\u0173 lentyna \u2013 6 lygi\u0173"},"content":{"rendered":"<div class=\"mpof_ki myre_zn myre_8v_l m389_6m_l\">\n<div class=\"mp4t_16_s mryx_16_s mr3m_1 mli2_1 mh85_56 mh85_0_l\">\n<div class=\"mgn2_16 _0d3bd_am0a-\">\n<h1>3 MODULI\u0172 BAT\u0172 LENTYN\u0172 RINKINYS<\/h1>\n<\/div>\n<\/div>\n<\/div>\n<div class=\"mpof_ki myre_zn myre_8v_l m389_6m_l\">\n<div class=\"mp4t_16_s mryx_16_s mr3m_1 mli2_1 mh85_56 mh85_0_l\">\n<div class=\"mgn2_16 _0d3bd_am0a-\">\n<ul>\n<li><strong>TAUPYMAS VIETOS\u00a0<\/strong>\u2013 keli\u0173 lygi\u0173 bat\u0173 lentyna leid\u017eia patogiai i\u0161d\u0117styti visos \u0161eimos batus, kuri\u0173 d\u0117ka\u00a0<strong>ne tik padeda palaikyti tvark\u0105, bet ir sutaupo laisvos vietos.<\/strong><\/li>\n<\/ul>\n<ul>\n<li><strong>LENGVAS MONTAVIMAS\u00a0<\/strong>\u2013 modulin\u0119 bat\u0173 lentyn\u0105 labai lengva surinkti.\u00a0<strong>Kiekvienas tur\u0117t\u0173 sugeb\u0117ti j\u012f surinkti be joki\u0173 problem\u0173, o tuo pa\u010diu metu pagaminta konstrukcija yra tvirta ir stabili.\u00a0<\/strong>Komplekte yra plaktukas, kuris labai palengvins surinkim\u0105.<\/li>\n<\/ul>\n<ul>\n<li><strong>MODULIN\u0116 KONSTRUKCIJA\u00a0<\/strong>\u2013<strong>\u00a0<\/strong>bat\u0173 lentyna yra modulin\u0117, k\u0105 tai rei\u0161kia jums? J\u012f galite surinkti pagal savo individuali\u0105 koncepcij\u0105.\u00a0<strong>Tai labai naudingas sprendimas, nes lentynos strukt\u016br\u0105 nesunkiai pritaikysite prie turimos erdv\u0117s<\/strong>\u00a0. D\u0117l modulin\u0117s bat\u0173 lentynos strukt\u016bros,\u00a0<strong>Galima derinti kelis komplektus<\/strong>\u00a0ir gauti tok\u012f bald\u0105, kuris pagal turim\u0105 plot\u0105 atitiks \u0161eimos poreikius.<\/li>\n<\/ul>\n<ul>\n<li><strong>ATIDARYMO DURYS\u00a0<\/strong>\u2013 modulin\u0117 lentyna turi atidaromas dureles, tod\u0117l batai nestovi \u201elauke\u201c ir n\u0117ra veikiami, pavyzd\u017eiui, dulki\u0173.\u00a0<strong>Durys yra skaidrios, tod\u0117l net ir u\u017edarius galite ai\u0161kiai matyti lentyn\u0173 turin\u012f ir nesunkiai rasite jus dominan\u010di\u0105 por\u0105<\/strong>\u00a0.<\/li>\n<\/ul>\n<ul>\n<li><strong>SPECIFIKACIJA<\/strong>\u00a0\u2013 komplekte 3 moduliai; galimyb\u0117 surinkti pagal savo koncepcij\u0105: taip; med\u017eiaga: PP, kita: gele\u017eis) + PP jungtys + plaktuko mediena + pakabos aliuminio lydinys; 6 lentynos: taip; atidaromos durys: taip; metalinis r\u0117mas: taip; matmenys (auk\u0161tis\/plotis\/gylis): 92\/40\/31cm; svoris: 3 kg; svoris pakuot\u0117je: 3,5 kg.<\/li>\n<\/ul>\n<\/div>\n<\/div>\n<\/div>\n<div class=\"mpof_ki myre_zn myre_8v_l m389_6m_l\">\n<div class=\"mp4t_16_s mryx_16_s mr3m_1 mli2_1 mh85_56 mh85_0_l\">\n<div class=\"mgn2_16 _0d3bd_am0a-\">\n<p><strong>SPECIFIKACIJA<\/strong><\/p>\n<ul>\n<li>rinkin\u012f sudaro: 3 moduliai<\/li>\n<li>galimyb\u0117 surinkti pagal savo koncepcij\u0105: taip<\/li>\n<li>med\u017eiaga: PP, kita: gele\u017eis + PP jungtys + plaktuko mediena + pakabos aliuminio lydinys<\/li>\n<li>6 lentynos: taip<\/li>\n<li>atidaromos durys: taip<\/li>\n<li>metalinis r\u0117mas: taip<\/li>\n<li>1 modulio matmenys: 40\/31\/30cm<\/li>\n<li>matmenys (auk\u0161tis\/plotis\/gylis): 92\/40\/31cm<\/li>\n<li>svoris: 3kg<\/li>\n<li>svoris pakuot\u0117je: 3,5 kg<\/li>\n<\/ul>\n<\/div>\n<\/div>\n<div class=\"mp4t_16_s mryx_16_s mr3m_1 mli2_1 mh85_56 mh85_0_l\">\n<div class=\"mg9e_8 mj7a_8 mg9e_0_s mvrt_0_s mj7a_0_s mh36_0_s mzmg_6m munh_16_l m3h2_16_l\">\n<div class=\"mp4t_0 mryx_0 munh_56 m3h2_56\"><\/div>\n<div class=\"mp4t_0 mryx_0 munh_56 m3h2_56\">\n<p>Bat\u0173 lentyna \u2013 baldas, naudingas kiekvienuose namuose, nepriklausomai nuo gyventoj\u0173 skai\u010diaus. Modulin\u0117 bat\u0173 lentyna leid\u017eia palaikyti tvarking\u0105 buitin\u0119 avalyn\u0119, tuo pa\u010diu suteikiant lengv\u0105 prieig\u0105 prie j\u0173, o jos naudojimas leid\u017eia sutaupyti daug vietos patalpoje. Modulin\u0117 lentyna yra lengvai valoma ir labai funkcionali.<\/p>\n<p>D\u0117l modulin\u0117s bat\u0173 lentynos konstrukcijos galima derinti kelis komplektus ir gauti tok\u012f bald\u0105, kuris atitiks \u0161eimos poreikius pagal turim\u0105 erdv\u0119.<\/p>\n<\/div>\n<\/div>\n<\/div>\n<\/div>\n","protected":false},"excerpt":{"rendered":"<p>3 MODULI\u0172 BAT\u0172 LENTYN\u0172 RINKINYS TAUPYMAS VIETOS\u00a0\u2013 keli\u0173 lygi\u0173 bat\u0173 lentyna leid\u017eia patogiai i\u0161d\u0117styti visos \u0161eimos batus, kuri\u0173 d\u0117ka\u00a0ne tik padeda palaikyti tvark\u0105, bet ir sutaupo laisvos vietos. LENGVAS MONTAVIMAS\u00a0\u2013 modulin\u0119 bat\u0173 lentyn\u0105 labai lengva surinkti.\u00a0Kiekvienas tur\u0117t\u0173 sugeb\u0117ti j\u012f surinkti be joki\u0173 problem\u0173, o tuo pa\u010diu metu pagaminta konstrukcija yra tvirta ir stabili.\u00a0Komplekte yra plaktukas, &hellip;<\/p>\n<p class=\"read-more\"> <a class=\"\" href=\"https:\/\/supernamai.shop\/?product=moduline-batu-lentyna-6-lygiu\"> <span class=\"screen-reader-text\">Modulin\u0117 bat\u0173 lentyna \u2013 6 lygi\u0173<\/span> Skaityti daugiau &raquo;<\/a><\/p>\n","protected":false},"featured_media":1188,"comment_status":"open","ping_status":"closed","template":"","meta":{"om_disable_all_campaigns":false,"_uag_custom_page_level_css":"","_monsterinsights_skip_tracking":false,"_monsterinsights_sitenote_active":false,"_monsterinsights_sitenote_note":"","_monsterinsights_sitenote_category":0,"site-sidebar-layout":"default","site-content-layout":"default","ast-global-header-display":"","ast-main-header-display":"","ast-hfb-above-header-display":"","ast-hfb-below-header-display":"","ast-hfb-mobile-header-display":"","site-post-title":"","ast-breadcrumbs-content":"","ast-featured-img":"","footer-sml-layout":"","theme-transparent-header-meta":"default","adv-header-id-meta":"","stick-header-meta":"","header-above-stick-meta":"","header-main-stick-meta":"","header-below-stick-meta":""},"product_cat":[19,15],"product_tag":[],"class_list":{"0":"post-1187","1":"product","2":"type-product","3":"status-publish","4":"has-post-thumbnail","6":"product_cat-visos-prekes","7":"product_cat-aksesuarai","9":"first","10":"instock","11":"shipping-taxable","12":"purchasable","13":"product-type-simple"},"aioseo_notices":[],"uagb_featured_image_src":{"full":["https:\/\/supernamai.shop\/wp-content\/uploads\/2024\/09\/lit_pl_Moduline-batu-lentyna-6-lygiu-14994_8.jpg",500,500,false],"thumbnail":["https:\/\/supernamai.shop\/wp-content\/uploads\/2024\/09\/lit_pl_Moduline-batu-lentyna-6-lygiu-14994_8-150x150.jpg",150,150,true],"medium":["https:\/\/supernamai.shop\/wp-content\/uploads\/2024\/09\/lit_pl_Moduline-batu-lentyna-6-lygiu-14994_8-300x300.jpg",300,300,true],"medium_large":["https:\/\/supernamai.shop\/wp-content\/uploads\/2024\/09\/lit_pl_Moduline-batu-lentyna-6-lygiu-14994_8.jpg",500,500,false],"large":["https:\/\/supernamai.shop\/wp-content\/uploads\/2024\/09\/lit_pl_Moduline-batu-lentyna-6-lygiu-14994_8.jpg",500,500,false],"1536x1536":["https:\/\/supernamai.shop\/wp-content\/uploads\/2024\/09\/lit_pl_Moduline-batu-lentyna-6-lygiu-14994_8.jpg",500,500,false],"2048x2048":["https:\/\/supernamai.shop\/wp-content\/uploads\/2024\/09\/lit_pl_Moduline-batu-lentyna-6-lygiu-14994_8.jpg",500,500,false],"woocommerce_thumbnail":["https:\/\/supernamai.shop\/wp-content\/uploads\/2024\/09\/lit_pl_Moduline-batu-lentyna-6-lygiu-14994_8-300x300.jpg",300,300,true],"woocommerce_single":["https:\/\/supernamai.shop\/wp-content\/uploads\/2024\/09\/lit_pl_Moduline-batu-lentyna-6-lygiu-14994_8.jpg",500,500,false],"woocommerce_gallery_thumbnail":["https:\/\/supernamai.shop\/wp-content\/uploads\/2024\/09\/lit_pl_Moduline-batu-lentyna-6-lygiu-14994_8-100x100.jpg",100,100,true]},"uagb_author_info":{"display_name":"dovilejjj@yahoo.com","author_link":"https:\/\/supernamai.shop\/?author=0"},"uagb_comment_info":0,"uagb_excerpt":"3 MODULI\u0172 BAT\u0172 LENTYN\u0172 RINKINYS TAUPYMAS VIETOS\u00a0\u2013 keli\u0173 lygi\u0173 bat\u0173 lentyna leid\u017eia patogiai i\u0161d\u0117styti visos \u0161eimos batus, kuri\u0173 d\u0117ka\u00a0ne tik padeda palaikyti tvark\u0105, bet ir sutaupo laisvos vietos. LENGVAS MONTAVIMAS\u00a0\u2013 modulin\u0119 bat\u0173 lentyn\u0105 labai lengva surinkti.\u00a0Kiekvienas tur\u0117t\u0173 sugeb\u0117ti j\u012f surinkti be joki\u0173 problem\u0173, o tuo pa\u010diu metu pagaminta konstrukcija yra tvirta ir stabili.\u00a0Komplekte yra plaktukas,&hellip;","_links":{"self":[{"href":"https:\/\/supernamai.shop\/index.php?rest_route=\/wp\/v2\/product\/1187"}],"collection":[{"href":"https:\/\/supernamai.shop\/index.php?rest_route=\/wp\/v2\/product"}],"about":[{"href":"https:\/\/supernamai.shop\/index.php?rest_route=\/wp\/v2\/types\/product"}],"replies":[{"embeddable":true,"href":"https:\/\/supernamai.shop\/index.php?rest_route=%2Fwp%2Fv2%2Fcomments&post=1187"}],"wp:featuredmedia":[{"embeddable":true,"href":"https:\/\/supernamai.shop\/index.php?rest_route=\/wp\/v2\/media\/1188"}],"wp:attachment":[{"href":"https:\/\/supernamai.shop\/index.php?rest_route=%2Fwp%2Fv2%2Fmedia&parent=1187"}],"wp:term":[{"taxonomy":"product_cat","embeddable":true,"href":"https:\/\/supernamai.shop\/index.php?rest_route=%2Fwp%2Fv2%2Fproduct_cat&post=1187"},{"taxonomy":"product_tag","embeddable":true,"href":"https:\/\/supernamai.shop\/index.php?rest_route=%2Fwp%2Fv2%2Fproduct_tag&post=1187"}],"curies":[{"name":"wp","href":"https:\/\/api.w.org\/{rel}","templated":true}]}}