{"id":1202,"date":"2024-09-30T13:04:51","date_gmt":"2024-09-30T13:04:51","guid":{"rendered":"https:\/\/supernamai.shop\/?post_type=product&#038;p=1202"},"modified":"2024-09-30T13:04:51","modified_gmt":"2024-09-30T13:04:51","slug":"dalli-activ-skystas-skalbiklis-superkoncentratas-365-l","status":"publish","type":"product","link":"https:\/\/supernamai.shop\/?product=dalli-activ-skystas-skalbiklis-superkoncentratas-365-l","title":{"rendered":"dalli Activ skystas skalbiklis superkoncentratas 3,65 l"},"content":{"rendered":"<p>Dalli ACTIV\u00a0skystas universalus skalbiklis\u00a0su d\u0117mi\u0173 i\u0161\u0117m\u0117ju.<\/p>\n<p>Panaikina net \u012fsisen\u0117jusias d\u0117mes, \u012fveikia riebal\u0173 d\u0117mes.<\/p>\n<p>Netinka vilnoniams ir \u0161ilkiniams audiniams.<\/p>\n<p>Iki 104 skalbim\u0173.<\/p>\n<p>Efektyvus skalbiant ir 20\u00baC temperat\u016broje, taip tausojama energija ir saugoma aplinka.<\/p>\n<p>Gamintojas: Vokietija<\/p>\n","protected":false},"excerpt":{"rendered":"<p>Dalli ACTIV\u00a0skystas universalus skalbiklis\u00a0su d\u0117mi\u0173 i\u0161\u0117m\u0117ju. Panaikina net \u012fsisen\u0117jusias d\u0117mes, \u012fveikia riebal\u0173 d\u0117mes. Netinka vilnoniams ir \u0161ilkiniams audiniams. Iki 104 skalbim\u0173. Efektyvus skalbiant ir 20\u00baC temperat\u016broje, taip tausojama energija ir saugoma aplinka. Gamintojas: Vokietija<\/p>\n","protected":false},"featured_media":1203,"comment_status":"open","ping_status":"closed","template":"","meta":{"om_disable_all_campaigns":false,"_uag_custom_page_level_css":"","_monsterinsights_skip_tracking":false,"_monsterinsights_sitenote_active":false,"_monsterinsights_sitenote_note":"","_monsterinsights_sitenote_category":0,"site-sidebar-layout":"default","site-content-layout":"default","ast-global-header-display":"","ast-main-header-display":"","ast-hfb-above-header-display":"","ast-hfb-below-header-display":"","ast-hfb-mobile-header-display":"","site-post-title":"","ast-breadcrumbs-content":"","ast-featured-img":"","footer-sml-layout":"","theme-transparent-header-meta":"default","adv-header-id-meta":"","stick-header-meta":"","header-above-stick-meta":"","header-main-stick-meta":"","header-below-stick-meta":""},"product_cat":[19,20],"product_tag":[],"class_list":{"0":"post-1202","1":"product","2":"type-product","3":"status-publish","4":"has-post-thumbnail","6":"product_cat-visos-prekes","7":"product_cat-skalbimo-priemones","9":"first","10":"instock","11":"shipping-taxable","12":"purchasable","13":"product-type-simple"},"aioseo_notices":[],"uagb_featured_image_src":{"full":["https:\/\/supernamai.shop\/wp-content\/uploads\/2024\/09\/dalli-activ-xl-skystas-skalbiklis-superkoncentratas-3-65-l.jpg",1100,1422,false],"thumbnail":["https:\/\/supernamai.shop\/wp-content\/uploads\/2024\/09\/dalli-activ-xl-skystas-skalbiklis-superkoncentratas-3-65-l-150x150.jpg",150,150,true],"medium":["https:\/\/supernamai.shop\/wp-content\/uploads\/2024\/09\/dalli-activ-xl-skystas-skalbiklis-superkoncentratas-3-65-l-232x300.jpg",232,300,true],"medium_large":["https:\/\/supernamai.shop\/wp-content\/uploads\/2024\/09\/dalli-activ-xl-skystas-skalbiklis-superkoncentratas-3-65-l-768x993.jpg",768,993,true],"large":["https:\/\/supernamai.shop\/wp-content\/uploads\/2024\/09\/dalli-activ-xl-skystas-skalbiklis-superkoncentratas-3-65-l-792x1024.jpg",792,1024,true],"1536x1536":["https:\/\/supernamai.shop\/wp-content\/uploads\/2024\/09\/dalli-activ-xl-skystas-skalbiklis-superkoncentratas-3-65-l.jpg",1100,1422,false],"2048x2048":["https:\/\/supernamai.shop\/wp-content\/uploads\/2024\/09\/dalli-activ-xl-skystas-skalbiklis-superkoncentratas-3-65-l.jpg",1100,1422,false],"woocommerce_thumbnail":["https:\/\/supernamai.shop\/wp-content\/uploads\/2024\/09\/dalli-activ-xl-skystas-skalbiklis-superkoncentratas-3-65-l-300x300.jpg",300,300,true],"woocommerce_single":["https:\/\/supernamai.shop\/wp-content\/uploads\/2024\/09\/dalli-activ-xl-skystas-skalbiklis-superkoncentratas-3-65-l-600x776.jpg",600,776,true],"woocommerce_gallery_thumbnail":["https:\/\/supernamai.shop\/wp-content\/uploads\/2024\/09\/dalli-activ-xl-skystas-skalbiklis-superkoncentratas-3-65-l-100x100.jpg",100,100,true]},"uagb_author_info":{"display_name":"dovilejjj@yahoo.com","author_link":"https:\/\/supernamai.shop\/?author=0"},"uagb_comment_info":0,"uagb_excerpt":"Dalli ACTIV\u00a0skystas universalus skalbiklis\u00a0su d\u0117mi\u0173 i\u0161\u0117m\u0117ju. Panaikina net \u012fsisen\u0117jusias d\u0117mes, \u012fveikia riebal\u0173 d\u0117mes. Netinka vilnoniams ir \u0161ilkiniams audiniams. Iki 104 skalbim\u0173. Efektyvus skalbiant ir 20\u00baC temperat\u016broje, taip tausojama energija ir saugoma aplinka. Gamintojas: Vokietija","_links":{"self":[{"href":"https:\/\/supernamai.shop\/index.php?rest_route=\/wp\/v2\/product\/1202"}],"collection":[{"href":"https:\/\/supernamai.shop\/index.php?rest_route=\/wp\/v2\/product"}],"about":[{"href":"https:\/\/supernamai.shop\/index.php?rest_route=\/wp\/v2\/types\/product"}],"replies":[{"embeddable":true,"href":"https:\/\/supernamai.shop\/index.php?rest_route=%2Fwp%2Fv2%2Fcomments&post=1202"}],"wp:featuredmedia":[{"embeddable":true,"href":"https:\/\/supernamai.shop\/index.php?rest_route=\/wp\/v2\/media\/1203"}],"wp:attachment":[{"href":"https:\/\/supernamai.shop\/index.php?rest_route=%2Fwp%2Fv2%2Fmedia&parent=1202"}],"wp:term":[{"taxonomy":"product_cat","embeddable":true,"href":"https:\/\/supernamai.shop\/index.php?rest_route=%2Fwp%2Fv2%2Fproduct_cat&post=1202"},{"taxonomy":"product_tag","embeddable":true,"href":"https:\/\/supernamai.shop\/index.php?rest_route=%2Fwp%2Fv2%2Fproduct_tag&post=1202"}],"curies":[{"name":"wp","href":"https:\/\/api.w.org\/{rel}","templated":true}]}}