{"id":1204,"date":"2024-09-30T13:10:03","date_gmt":"2024-09-30T13:10:03","guid":{"rendered":"https:\/\/supernamai.shop\/?post_type=product&#038;p=1204"},"modified":"2024-09-30T13:10:03","modified_gmt":"2024-09-30T13:10:03","slug":"dalli-kietas-ukinis-muilas-100-g-x-3-vnt","status":"publish","type":"product","link":"https:\/\/supernamai.shop\/?product=dalli-kietas-ukinis-muilas-100-g-x-3-vnt","title":{"rendered":"dalli kietas \u016bkinis muilas 100 g x 3 vnt."},"content":{"rendered":"<p>dalli \u016bkinis muilas. Pla\u010diai naudojamas nam\u0173 \u0161varai, skalbini\u0173 skalbimui, d\u0117mi\u0173 pa\u0161alinimui ir k\u016bno prausimuisi. Subtilaus kvapo \u0161variai ir saugiai prausia net ir jautri\u0105 od\u0105. Nesausina jos. Pagamintas pagal senovin\u012f recept\u0105.<\/p>\n<p>Gamintojas: Vokietija<\/p>\n","protected":false},"excerpt":{"rendered":"<p>dalli \u016bkinis muilas. Pla\u010diai naudojamas nam\u0173 \u0161varai, skalbini\u0173 skalbimui, d\u0117mi\u0173 pa\u0161alinimui ir k\u016bno prausimuisi. Subtilaus kvapo \u0161variai ir saugiai prausia net ir jautri\u0105 od\u0105. Nesausina jos. Pagamintas pagal senovin\u012f recept\u0105. Gamintojas: Vokietija<\/p>\n","protected":false},"featured_media":1205,"comment_status":"open","ping_status":"closed","template":"","meta":{"om_disable_all_campaigns":false,"_uag_custom_page_level_css":"","_monsterinsights_skip_tracking":false,"_monsterinsights_sitenote_active":false,"_monsterinsights_sitenote_note":"","_monsterinsights_sitenote_category":0,"site-sidebar-layout":"default","site-content-layout":"default","ast-global-header-display":"","ast-main-header-display":"","ast-hfb-above-header-display":"","ast-hfb-below-header-display":"","ast-hfb-mobile-header-display":"","site-post-title":"","ast-breadcrumbs-content":"","ast-featured-img":"","footer-sml-layout":"","theme-transparent-header-meta":"default","adv-header-id-meta":"","stick-header-meta":"","header-above-stick-meta":"","header-main-stick-meta":"","header-below-stick-meta":""},"product_cat":[19,20,21],"product_tag":[],"class_list":{"0":"post-1204","1":"product","2":"type-product","3":"status-publish","4":"has-post-thumbnail","6":"product_cat-visos-prekes","7":"product_cat-skalbimo-priemones","8":"product_cat-muilas-sampunas","10":"first","11":"instock","12":"shipping-taxable","13":"purchasable","14":"product-type-simple"},"aioseo_notices":[],"uagb_featured_image_src":{"full":["https:\/\/supernamai.shop\/wp-content\/uploads\/2024\/09\/dalli-kietas-ukinis-muilas-100-g-x-3-vnt.jpg",1100,1422,false],"thumbnail":["https:\/\/supernamai.shop\/wp-content\/uploads\/2024\/09\/dalli-kietas-ukinis-muilas-100-g-x-3-vnt-150x150.jpg",150,150,true],"medium":["https:\/\/supernamai.shop\/wp-content\/uploads\/2024\/09\/dalli-kietas-ukinis-muilas-100-g-x-3-vnt-232x300.jpg",232,300,true],"medium_large":["https:\/\/supernamai.shop\/wp-content\/uploads\/2024\/09\/dalli-kietas-ukinis-muilas-100-g-x-3-vnt-768x993.jpg",768,993,true],"large":["https:\/\/supernamai.shop\/wp-content\/uploads\/2024\/09\/dalli-kietas-ukinis-muilas-100-g-x-3-vnt-792x1024.jpg",792,1024,true],"1536x1536":["https:\/\/supernamai.shop\/wp-content\/uploads\/2024\/09\/dalli-kietas-ukinis-muilas-100-g-x-3-vnt.jpg",1100,1422,false],"2048x2048":["https:\/\/supernamai.shop\/wp-content\/uploads\/2024\/09\/dalli-kietas-ukinis-muilas-100-g-x-3-vnt.jpg",1100,1422,false],"woocommerce_thumbnail":["https:\/\/supernamai.shop\/wp-content\/uploads\/2024\/09\/dalli-kietas-ukinis-muilas-100-g-x-3-vnt-300x300.jpg",300,300,true],"woocommerce_single":["https:\/\/supernamai.shop\/wp-content\/uploads\/2024\/09\/dalli-kietas-ukinis-muilas-100-g-x-3-vnt-600x776.jpg",600,776,true],"woocommerce_gallery_thumbnail":["https:\/\/supernamai.shop\/wp-content\/uploads\/2024\/09\/dalli-kietas-ukinis-muilas-100-g-x-3-vnt-100x100.jpg",100,100,true]},"uagb_author_info":{"display_name":"dovilejjj@yahoo.com","author_link":"https:\/\/supernamai.shop\/?author=0"},"uagb_comment_info":0,"uagb_excerpt":"dalli \u016bkinis muilas. Pla\u010diai naudojamas nam\u0173 \u0161varai, skalbini\u0173 skalbimui, d\u0117mi\u0173 pa\u0161alinimui ir k\u016bno prausimuisi. Subtilaus kvapo \u0161variai ir saugiai prausia net ir jautri\u0105 od\u0105. Nesausina jos. Pagamintas pagal senovin\u012f recept\u0105. Gamintojas: Vokietija","_links":{"self":[{"href":"https:\/\/supernamai.shop\/index.php?rest_route=\/wp\/v2\/product\/1204"}],"collection":[{"href":"https:\/\/supernamai.shop\/index.php?rest_route=\/wp\/v2\/product"}],"about":[{"href":"https:\/\/supernamai.shop\/index.php?rest_route=\/wp\/v2\/types\/product"}],"replies":[{"embeddable":true,"href":"https:\/\/supernamai.shop\/index.php?rest_route=%2Fwp%2Fv2%2Fcomments&post=1204"}],"wp:featuredmedia":[{"embeddable":true,"href":"https:\/\/supernamai.shop\/index.php?rest_route=\/wp\/v2\/media\/1205"}],"wp:attachment":[{"href":"https:\/\/supernamai.shop\/index.php?rest_route=%2Fwp%2Fv2%2Fmedia&parent=1204"}],"wp:term":[{"taxonomy":"product_cat","embeddable":true,"href":"https:\/\/supernamai.shop\/index.php?rest_route=%2Fwp%2Fv2%2Fproduct_cat&post=1204"},{"taxonomy":"product_tag","embeddable":true,"href":"https:\/\/supernamai.shop\/index.php?rest_route=%2Fwp%2Fv2%2Fproduct_tag&post=1204"}],"curies":[{"name":"wp","href":"https:\/\/api.w.org\/{rel}","templated":true}]}}