{"id":1206,"date":"2024-09-30T13:17:19","date_gmt":"2024-09-30T13:17:19","guid":{"rendered":"https:\/\/supernamai.shop\/?post_type=product&#038;p=1206"},"modified":"2024-09-30T13:17:19","modified_gmt":"2024-09-30T13:17:19","slug":"dalli-sensitiv-universalus-skystas-skalbiklis-superkoncentratas-365-l","status":"publish","type":"product","link":"https:\/\/supernamai.shop\/?product=dalli-sensitiv-universalus-skystas-skalbiklis-superkoncentratas-365-l","title":{"rendered":"dalli Sensitiv universalus skystas skalbiklis &#8211; superkoncentratas 3,65 l"},"content":{"rendered":"<p>dalli Sensitiv universalus skalbiklis baltiems ir spalvotiems skalbiniams skalbti. Efektyviai pa\u0161alina d\u0117mes.<\/p>\n<p>Dermatolog\u0173 patikrintas, tinka k\u016bdiki\u0173 skalbiniams arba \u017emon\u0117ms turintiems alergij\u0105. Talpa: 3,65 l. Pakuot\u0117 skirta 104 skalbimams.<\/p>\n<p>Gamintojas: Vokietija<\/p>\n","protected":false},"excerpt":{"rendered":"<p>dalli Sensitiv universalus skalbiklis baltiems ir spalvotiems skalbiniams skalbti. Efektyviai pa\u0161alina d\u0117mes. Dermatolog\u0173 patikrintas, tinka k\u016bdiki\u0173 skalbiniams arba \u017emon\u0117ms turintiems alergij\u0105. Talpa: 3,65 l. Pakuot\u0117 skirta 104 skalbimams. Gamintojas: Vokietija<\/p>\n","protected":false},"featured_media":1207,"comment_status":"open","ping_status":"closed","template":"","meta":{"om_disable_all_campaigns":false,"_uag_custom_page_level_css":"","_monsterinsights_skip_tracking":false,"_monsterinsights_sitenote_active":false,"_monsterinsights_sitenote_note":"","_monsterinsights_sitenote_category":0,"site-sidebar-layout":"default","site-content-layout":"default","ast-global-header-display":"","ast-main-header-display":"","ast-hfb-above-header-display":"","ast-hfb-below-header-display":"","ast-hfb-mobile-header-display":"","site-post-title":"","ast-breadcrumbs-content":"","ast-featured-img":"","footer-sml-layout":"","theme-transparent-header-meta":"default","adv-header-id-meta":"","stick-header-meta":"","header-above-stick-meta":"","header-main-stick-meta":"","header-below-stick-meta":""},"product_cat":[19,20],"product_tag":[],"class_list":{"0":"post-1206","1":"product","2":"type-product","3":"status-publish","4":"has-post-thumbnail","6":"product_cat-visos-prekes","7":"product_cat-skalbimo-priemones","9":"first","10":"instock","11":"shipping-taxable","12":"purchasable","13":"product-type-simple"},"aioseo_notices":[],"uagb_featured_image_src":{"full":["https:\/\/supernamai.shop\/wp-content\/uploads\/2024\/09\/dalli-sensitiv-xl-universalus-skystas-skalbiklis-3-65-l.jpg",381,492,false],"thumbnail":["https:\/\/supernamai.shop\/wp-content\/uploads\/2024\/09\/dalli-sensitiv-xl-universalus-skystas-skalbiklis-3-65-l-150x150.jpg",150,150,true],"medium":["https:\/\/supernamai.shop\/wp-content\/uploads\/2024\/09\/dalli-sensitiv-xl-universalus-skystas-skalbiklis-3-65-l-232x300.jpg",232,300,true],"medium_large":["https:\/\/supernamai.shop\/wp-content\/uploads\/2024\/09\/dalli-sensitiv-xl-universalus-skystas-skalbiklis-3-65-l.jpg",381,492,false],"large":["https:\/\/supernamai.shop\/wp-content\/uploads\/2024\/09\/dalli-sensitiv-xl-universalus-skystas-skalbiklis-3-65-l.jpg",381,492,false],"1536x1536":["https:\/\/supernamai.shop\/wp-content\/uploads\/2024\/09\/dalli-sensitiv-xl-universalus-skystas-skalbiklis-3-65-l.jpg",381,492,false],"2048x2048":["https:\/\/supernamai.shop\/wp-content\/uploads\/2024\/09\/dalli-sensitiv-xl-universalus-skystas-skalbiklis-3-65-l.jpg",381,492,false],"woocommerce_thumbnail":["https:\/\/supernamai.shop\/wp-content\/uploads\/2024\/09\/dalli-sensitiv-xl-universalus-skystas-skalbiklis-3-65-l-300x300.jpg",300,300,true],"woocommerce_single":["https:\/\/supernamai.shop\/wp-content\/uploads\/2024\/09\/dalli-sensitiv-xl-universalus-skystas-skalbiklis-3-65-l.jpg",381,492,false],"woocommerce_gallery_thumbnail":["https:\/\/supernamai.shop\/wp-content\/uploads\/2024\/09\/dalli-sensitiv-xl-universalus-skystas-skalbiklis-3-65-l-100x100.jpg",100,100,true]},"uagb_author_info":{"display_name":"dovilejjj@yahoo.com","author_link":"https:\/\/supernamai.shop\/?author=0"},"uagb_comment_info":0,"uagb_excerpt":"dalli Sensitiv universalus skalbiklis baltiems ir spalvotiems skalbiniams skalbti. Efektyviai pa\u0161alina d\u0117mes. Dermatolog\u0173 patikrintas, tinka k\u016bdiki\u0173 skalbiniams arba \u017emon\u0117ms turintiems alergij\u0105. Talpa: 3,65 l. Pakuot\u0117 skirta 104 skalbimams. Gamintojas: Vokietija","_links":{"self":[{"href":"https:\/\/supernamai.shop\/index.php?rest_route=\/wp\/v2\/product\/1206"}],"collection":[{"href":"https:\/\/supernamai.shop\/index.php?rest_route=\/wp\/v2\/product"}],"about":[{"href":"https:\/\/supernamai.shop\/index.php?rest_route=\/wp\/v2\/types\/product"}],"replies":[{"embeddable":true,"href":"https:\/\/supernamai.shop\/index.php?rest_route=%2Fwp%2Fv2%2Fcomments&post=1206"}],"wp:featuredmedia":[{"embeddable":true,"href":"https:\/\/supernamai.shop\/index.php?rest_route=\/wp\/v2\/media\/1207"}],"wp:attachment":[{"href":"https:\/\/supernamai.shop\/index.php?rest_route=%2Fwp%2Fv2%2Fmedia&parent=1206"}],"wp:term":[{"taxonomy":"product_cat","embeddable":true,"href":"https:\/\/supernamai.shop\/index.php?rest_route=%2Fwp%2Fv2%2Fproduct_cat&post=1206"},{"taxonomy":"product_tag","embeddable":true,"href":"https:\/\/supernamai.shop\/index.php?rest_route=%2Fwp%2Fv2%2Fproduct_tag&post=1206"}],"curies":[{"name":"wp","href":"https:\/\/api.w.org\/{rel}","templated":true}]}}