{"id":1208,"date":"2024-09-30T13:40:07","date_gmt":"2024-09-30T13:40:07","guid":{"rendered":"https:\/\/supernamai.shop\/?post_type=product&#038;p=1208"},"modified":"2024-09-30T13:40:07","modified_gmt":"2024-09-30T13:40:07","slug":"dalli-white-wash-skystas-skalbiklis-11-l","status":"publish","type":"product","link":"https:\/\/supernamai.shop\/?product=dalli-white-wash-skystas-skalbiklis-11-l","title":{"rendered":"dalli White Wash skystas skalbiklis 1,1 l"},"content":{"rendered":"<p style=\"font-weight: 400;\"><b><strong>Dalli White Wash\u00a0<\/strong><\/b>skystas skalbiklis baltiems ir \u0161viesi\u0173 spalv\u0173\u00a0audiniams.<\/p>\n<p style=\"font-weight: 400;\">Apsaugo<em>\u00a0<\/em><em>baltus skalbinius<\/em><em>\u00a0<\/em>nuo pilk\u0117jimo ar geltimo.<\/p>\n<p style=\"font-weight: 400;\">Iki 20 skalbim\u0173.<\/p>\n<p style=\"font-weight: 400;\">Efektyvus skalbiant ir 20\u00baC temperat\u016broje, taip tausojama energija ir saugoma aplinka.<\/p>\n<p style=\"font-weight: 400;\">Visi Dalli produktai atitinka auk\u0161\u010diausi\u0105 standart\u0105 ir voki\u0161k\u0105 kokyb\u0119.<\/p>\n<p style=\"font-weight: 400;\">Dalli korporacijos filosofijos pagrindu laikomas auk\u0161\u010diausios kokyb\u0117s \u017ealiav\u0173<\/p>\n<p style=\"font-weight: 400;\">ir pa\u010di\u0173 naujausi\u0173 technologij\u0173 panaudojimas,\u00a0grie\u017etai kokyb\u0117s standart\u0173 kontroliuojamoje gamyboje.<\/p>\n<p style=\"font-weight: 400;\">Produkcija savo kokybe ir veiksnumu pati kalba u\u017e save, kuri\u0105 jau 125 metus yra i\u0161band\u0119 Vokietijos ir kit\u0173 \u0161ali\u0173 vartotojai.<\/p>\n<p>Gamintojas: Vokietija<\/p>\n","protected":false},"excerpt":{"rendered":"<p>Dalli White Wash\u00a0skystas skalbiklis baltiems ir \u0161viesi\u0173 spalv\u0173\u00a0audiniams. Apsaugo\u00a0baltus skalbinius\u00a0nuo pilk\u0117jimo ar geltimo. Iki 20 skalbim\u0173. Efektyvus skalbiant ir 20\u00baC temperat\u016broje, taip tausojama energija ir saugoma aplinka. Visi Dalli produktai atitinka auk\u0161\u010diausi\u0105 standart\u0105 ir voki\u0161k\u0105 kokyb\u0119. Dalli korporacijos filosofijos pagrindu laikomas auk\u0161\u010diausios kokyb\u0117s \u017ealiav\u0173 ir pa\u010di\u0173 naujausi\u0173 technologij\u0173 panaudojimas,\u00a0grie\u017etai kokyb\u0117s standart\u0173 kontroliuojamoje gamyboje. Produkcija savo &hellip;<\/p>\n<p class=\"read-more\"> <a class=\"\" href=\"https:\/\/supernamai.shop\/?product=dalli-white-wash-skystas-skalbiklis-11-l\"> <span class=\"screen-reader-text\">dalli White Wash skystas skalbiklis 1,1 l<\/span> Skaityti daugiau &raquo;<\/a><\/p>\n","protected":false},"featured_media":1209,"comment_status":"open","ping_status":"closed","template":"","meta":{"om_disable_all_campaigns":false,"_uag_custom_page_level_css":"","_monsterinsights_skip_tracking":false,"_monsterinsights_sitenote_active":false,"_monsterinsights_sitenote_note":"","_monsterinsights_sitenote_category":0,"site-sidebar-layout":"default","site-content-layout":"default","ast-global-header-display":"","ast-main-header-display":"","ast-hfb-above-header-display":"","ast-hfb-below-header-display":"","ast-hfb-mobile-header-display":"","site-post-title":"","ast-breadcrumbs-content":"","ast-featured-img":"","footer-sml-layout":"","theme-transparent-header-meta":"default","adv-header-id-meta":"","stick-header-meta":"","header-above-stick-meta":"","header-main-stick-meta":"","header-below-stick-meta":""},"product_cat":[19,20],"product_tag":[],"class_list":{"0":"post-1208","1":"product","2":"type-product","3":"status-publish","4":"has-post-thumbnail","6":"product_cat-visos-prekes","7":"product_cat-skalbimo-priemones","9":"first","10":"instock","11":"shipping-taxable","12":"purchasable","13":"product-type-simple"},"aioseo_notices":[],"uagb_featured_image_src":{"full":["https:\/\/supernamai.shop\/wp-content\/uploads\/2024\/09\/dalli-white-wash-135-l.jpg",1100,1422,false],"thumbnail":["https:\/\/supernamai.shop\/wp-content\/uploads\/2024\/09\/dalli-white-wash-135-l-150x150.jpg",150,150,true],"medium":["https:\/\/supernamai.shop\/wp-content\/uploads\/2024\/09\/dalli-white-wash-135-l-232x300.jpg",232,300,true],"medium_large":["https:\/\/supernamai.shop\/wp-content\/uploads\/2024\/09\/dalli-white-wash-135-l-768x993.jpg",768,993,true],"large":["https:\/\/supernamai.shop\/wp-content\/uploads\/2024\/09\/dalli-white-wash-135-l-792x1024.jpg",792,1024,true],"1536x1536":["https:\/\/supernamai.shop\/wp-content\/uploads\/2024\/09\/dalli-white-wash-135-l.jpg",1100,1422,false],"2048x2048":["https:\/\/supernamai.shop\/wp-content\/uploads\/2024\/09\/dalli-white-wash-135-l.jpg",1100,1422,false],"woocommerce_thumbnail":["https:\/\/supernamai.shop\/wp-content\/uploads\/2024\/09\/dalli-white-wash-135-l-300x300.jpg",300,300,true],"woocommerce_single":["https:\/\/supernamai.shop\/wp-content\/uploads\/2024\/09\/dalli-white-wash-135-l-600x776.jpg",600,776,true],"woocommerce_gallery_thumbnail":["https:\/\/supernamai.shop\/wp-content\/uploads\/2024\/09\/dalli-white-wash-135-l-100x100.jpg",100,100,true]},"uagb_author_info":{"display_name":"dovilejjj@yahoo.com","author_link":"https:\/\/supernamai.shop\/?author=0"},"uagb_comment_info":0,"uagb_excerpt":"Dalli White Wash\u00a0skystas skalbiklis baltiems ir \u0161viesi\u0173 spalv\u0173\u00a0audiniams. Apsaugo\u00a0baltus skalbinius\u00a0nuo pilk\u0117jimo ar geltimo. Iki 20 skalbim\u0173. Efektyvus skalbiant ir 20\u00baC temperat\u016broje, taip tausojama energija ir saugoma aplinka. Visi Dalli produktai atitinka auk\u0161\u010diausi\u0105 standart\u0105 ir voki\u0161k\u0105 kokyb\u0119. Dalli korporacijos filosofijos pagrindu laikomas auk\u0161\u010diausios kokyb\u0117s \u017ealiav\u0173 ir pa\u010di\u0173 naujausi\u0173 technologij\u0173 panaudojimas,\u00a0grie\u017etai kokyb\u0117s standart\u0173 kontroliuojamoje gamyboje. Produkcija savo&hellip;","_links":{"self":[{"href":"https:\/\/supernamai.shop\/index.php?rest_route=\/wp\/v2\/product\/1208"}],"collection":[{"href":"https:\/\/supernamai.shop\/index.php?rest_route=\/wp\/v2\/product"}],"about":[{"href":"https:\/\/supernamai.shop\/index.php?rest_route=\/wp\/v2\/types\/product"}],"replies":[{"embeddable":true,"href":"https:\/\/supernamai.shop\/index.php?rest_route=%2Fwp%2Fv2%2Fcomments&post=1208"}],"wp:featuredmedia":[{"embeddable":true,"href":"https:\/\/supernamai.shop\/index.php?rest_route=\/wp\/v2\/media\/1209"}],"wp:attachment":[{"href":"https:\/\/supernamai.shop\/index.php?rest_route=%2Fwp%2Fv2%2Fmedia&parent=1208"}],"wp:term":[{"taxonomy":"product_cat","embeddable":true,"href":"https:\/\/supernamai.shop\/index.php?rest_route=%2Fwp%2Fv2%2Fproduct_cat&post=1208"},{"taxonomy":"product_tag","embeddable":true,"href":"https:\/\/supernamai.shop\/index.php?rest_route=%2Fwp%2Fv2%2Fproduct_tag&post=1208"}],"curies":[{"name":"wp","href":"https:\/\/api.w.org\/{rel}","templated":true}]}}