{"id":1210,"date":"2024-09-30T13:50:00","date_gmt":"2024-09-30T13:50:00","guid":{"rendered":"https:\/\/supernamai.shop\/?post_type=product&#038;p=1210"},"modified":"2024-09-30T13:59:44","modified_gmt":"2024-09-30T13:59:44","slug":"dasty-uzterstu-riebaluotu-pavirsiu-valiklis","status":"publish","type":"product","link":"https:\/\/supernamai.shop\/?product=dasty-uzterstu-riebaluotu-pavirsiu-valiklis","title":{"rendered":"Dasty u\u017eter\u0161t\u0173 riebaluot\u0173 pavir\u0161i\u0173 valiklis"},"content":{"rendered":"<h1>Dasty u\u017eter\u0161t\u0173 riebaluot\u0173 pavir\u0161i\u0173 valiklis<\/h1>\n<h2>T\u016bris: 1000 ml<\/h2>\n<p><strong>Dasty riebal\u0173 valiklis\u00a0<\/strong>originali universali riebal\u0173 \u0161alinimo priemon\u0117 \u2013 tai idealus sprendimas nam\u0173 vidui ir i\u0161orei, gara\u017eui ir sodui: orkait\u0117ms, kaitlent\u0117ms, gartraukiams, grotel\u0117ms, pjaustykl\u0117ms, grindims, indaplov\u0117ms, (pirminio apdorojimo priemon\u0117), sportba\u010diams, dvira\u010diams,\u00a0 baltini\u0173 rankogaliams ir apykakl\u0117ms (pirminio apdorojimo priemon\u0117) ir daugeliui kit\u0173 sunkiai i\u0161valom\u0173 d\u0117mi\u0173.<\/p>\n<p><strong>Naudojimas:\u00a0<\/strong>jei d\u0117m\u0117s \u012fsisen\u0117jusios u\u017epur\u0161k\u0119 palikite ne daugiau kaip 3 minutes ir nuplaukite. Orkait\u0117ms: \u012fkaitinkite orkaite iki 40-50 temperat\u016bros. Gartraukio ir mechanini\u0173 dali\u0173 filtrai: atskieskite vandeniu 50proc., \u012fmerkite valomas dalis, palikite 10 minu\u010di\u0173, nuplaukite. D\u0116MESIO: jei pavir\u0161iai spalvoti ar da\u017eyti, i\u0161bandykite ma\u017eiausiai 3 minutes nematomame kampe, kad patikrintume spalvos atsparum\u0105. Nenaudokite su polikarbonatu (permatomu plastiku). Nenaudokite ant hidroizoliacijos priemone apdorot\u0173 pavir\u0161i\u0173.<\/p>\n<p>Gamintojas: Italija<\/p>\n","protected":false},"excerpt":{"rendered":"<p>Dasty u\u017eter\u0161t\u0173 riebaluot\u0173 pavir\u0161i\u0173 valiklis T\u016bris: 1000 ml Dasty riebal\u0173 valiklis\u00a0originali universali riebal\u0173 \u0161alinimo priemon\u0117 \u2013 tai idealus sprendimas nam\u0173 vidui ir i\u0161orei, gara\u017eui ir sodui: orkait\u0117ms, kaitlent\u0117ms, gartraukiams, grotel\u0117ms, pjaustykl\u0117ms, grindims, indaplov\u0117ms, (pirminio apdorojimo priemon\u0117), sportba\u010diams, dvira\u010diams,\u00a0 baltini\u0173 rankogaliams ir apykakl\u0117ms (pirminio apdorojimo priemon\u0117) ir daugeliui kit\u0173 sunkiai i\u0161valom\u0173 d\u0117mi\u0173. Naudojimas:\u00a0jei d\u0117m\u0117s \u012fsisen\u0117jusios u\u017epur\u0161k\u0119 &hellip;<\/p>\n<p class=\"read-more\"> <a class=\"\" href=\"https:\/\/supernamai.shop\/?product=dasty-uzterstu-riebaluotu-pavirsiu-valiklis\"> <span class=\"screen-reader-text\">Dasty u\u017eter\u0161t\u0173 riebaluot\u0173 pavir\u0161i\u0173 valiklis<\/span> Skaityti daugiau &raquo;<\/a><\/p>\n","protected":false},"featured_media":1211,"comment_status":"open","ping_status":"closed","template":"","meta":{"om_disable_all_campaigns":false,"_uag_custom_page_level_css":"","_monsterinsights_skip_tracking":false,"_monsterinsights_sitenote_active":false,"_monsterinsights_sitenote_note":"","_monsterinsights_sitenote_category":0,"site-sidebar-layout":"default","site-content-layout":"default","ast-global-header-display":"","ast-main-header-display":"","ast-hfb-above-header-display":"","ast-hfb-below-header-display":"","ast-hfb-mobile-header-display":"","site-post-title":"","ast-breadcrumbs-content":"","ast-featured-img":"","footer-sml-layout":"","theme-transparent-header-meta":"default","adv-header-id-meta":"","stick-header-meta":"","header-above-stick-meta":"","header-main-stick-meta":"","header-below-stick-meta":""},"product_cat":[19,22],"product_tag":[],"class_list":{"0":"post-1210","1":"product","2":"type-product","3":"status-publish","4":"has-post-thumbnail","6":"product_cat-visos-prekes","7":"product_cat-valikliai","9":"first","10":"instock","11":"shipping-taxable","12":"purchasable","13":"product-type-simple"},"aioseo_notices":[],"uagb_featured_image_src":{"full":["https:\/\/supernamai.shop\/wp-content\/uploads\/2024\/09\/phpThumb_generated_thumbnail.jpg",530,520,false],"thumbnail":["https:\/\/supernamai.shop\/wp-content\/uploads\/2024\/09\/phpThumb_generated_thumbnail-150x150.jpg",150,150,true],"medium":["https:\/\/supernamai.shop\/wp-content\/uploads\/2024\/09\/phpThumb_generated_thumbnail-300x294.jpg",300,294,true],"medium_large":["https:\/\/supernamai.shop\/wp-content\/uploads\/2024\/09\/phpThumb_generated_thumbnail.jpg",530,520,false],"large":["https:\/\/supernamai.shop\/wp-content\/uploads\/2024\/09\/phpThumb_generated_thumbnail.jpg",530,520,false],"1536x1536":["https:\/\/supernamai.shop\/wp-content\/uploads\/2024\/09\/phpThumb_generated_thumbnail.jpg",530,520,false],"2048x2048":["https:\/\/supernamai.shop\/wp-content\/uploads\/2024\/09\/phpThumb_generated_thumbnail.jpg",530,520,false],"woocommerce_thumbnail":["https:\/\/supernamai.shop\/wp-content\/uploads\/2024\/09\/phpThumb_generated_thumbnail-300x300.jpg",300,300,true],"woocommerce_single":["https:\/\/supernamai.shop\/wp-content\/uploads\/2024\/09\/phpThumb_generated_thumbnail.jpg",530,520,false],"woocommerce_gallery_thumbnail":["https:\/\/supernamai.shop\/wp-content\/uploads\/2024\/09\/phpThumb_generated_thumbnail-100x100.jpg",100,100,true]},"uagb_author_info":{"display_name":"dovilejjj@yahoo.com","author_link":"https:\/\/supernamai.shop\/?author=0"},"uagb_comment_info":0,"uagb_excerpt":"Dasty u\u017eter\u0161t\u0173 riebaluot\u0173 pavir\u0161i\u0173 valiklis T\u016bris: 1000 ml Dasty riebal\u0173 valiklis\u00a0originali universali riebal\u0173 \u0161alinimo priemon\u0117 \u2013 tai idealus sprendimas nam\u0173 vidui ir i\u0161orei, gara\u017eui ir sodui: orkait\u0117ms, kaitlent\u0117ms, gartraukiams, grotel\u0117ms, pjaustykl\u0117ms, grindims, indaplov\u0117ms, (pirminio apdorojimo priemon\u0117), sportba\u010diams, dvira\u010diams,\u00a0 baltini\u0173 rankogaliams ir apykakl\u0117ms (pirminio apdorojimo priemon\u0117) ir daugeliui kit\u0173 sunkiai i\u0161valom\u0173 d\u0117mi\u0173. Naudojimas:\u00a0jei d\u0117m\u0117s \u012fsisen\u0117jusios u\u017epur\u0161k\u0119&hellip;","_links":{"self":[{"href":"https:\/\/supernamai.shop\/index.php?rest_route=\/wp\/v2\/product\/1210"}],"collection":[{"href":"https:\/\/supernamai.shop\/index.php?rest_route=\/wp\/v2\/product"}],"about":[{"href":"https:\/\/supernamai.shop\/index.php?rest_route=\/wp\/v2\/types\/product"}],"replies":[{"embeddable":true,"href":"https:\/\/supernamai.shop\/index.php?rest_route=%2Fwp%2Fv2%2Fcomments&post=1210"}],"wp:featuredmedia":[{"embeddable":true,"href":"https:\/\/supernamai.shop\/index.php?rest_route=\/wp\/v2\/media\/1211"}],"wp:attachment":[{"href":"https:\/\/supernamai.shop\/index.php?rest_route=%2Fwp%2Fv2%2Fmedia&parent=1210"}],"wp:term":[{"taxonomy":"product_cat","embeddable":true,"href":"https:\/\/supernamai.shop\/index.php?rest_route=%2Fwp%2Fv2%2Fproduct_cat&post=1210"},{"taxonomy":"product_tag","embeddable":true,"href":"https:\/\/supernamai.shop\/index.php?rest_route=%2Fwp%2Fv2%2Fproduct_tag&post=1210"}],"curies":[{"name":"wp","href":"https:\/\/api.w.org\/{rel}","templated":true}]}}