{"id":1213,"date":"2024-09-30T13:58:48","date_gmt":"2024-09-30T13:58:48","guid":{"rendered":"https:\/\/supernamai.shop\/?post_type=product&#038;p=1213"},"modified":"2025-07-24T00:15:47","modified_gmt":"2025-07-24T00:15:47","slug":"dasty-pelesio-valiklis","status":"publish","type":"product","link":"https:\/\/supernamai.shop\/?product=dasty-pelesio-valiklis","title":{"rendered":"Dasty pel\u0117sio valiklis"},"content":{"rendered":"<h1>Dasty pel\u0117sio valiklis<\/h1>\n<h2>T\u016bris: 700ml<\/h2>\n<p><b>DASTY Pel\u0117sio valiklis\u00a0<\/b>\u0161alina pel\u0117sio d\u0117mes nuo sien\u0173, i\u0161blukina pajuodavusius plyteli\u0173 tarpus ir tamsias pel\u0117sio d\u0117mes nuo silikono apvad\u0173 tarp vonios ir sienos ar du\u0161o kabinos ir sienos. Gali b\u016bti naudojamas ant vis\u0173 tip\u0173 sien\u0173 tiek lauke tiek viduje. Taip pat \u0161alina kavos ar arbatos d\u0117mes nuo virtuv\u0117s bald\u0173, plastiko pavir\u0161i\u0173.<\/p>\n<p><b>NAUDOJIMAS<\/b>: Dasty\u00a0 pel\u0117sio valikliu i\u0161 3-5 cm atstumo apipurk\u0161ti valom\u0105j\u012f pavir\u0161i\u0173. Po 10 min nutrinti \u0161epe\u010diu ir nuplauti vandeniu. Labai u\u017eter\u0161tus pavir\u0161ius valyti pakartotinai po 10 min. PATARIMAS: Vengti s\u0105ly\u010dio su med\u017eiagomis ir da\u017eais, kurie jautr\u016bs chlorui, galimi i\u0161blukimai. Nevalyti tamsi\u0173 keramini\u0173 plyteli\u0173, prie\u0161 tai nepatikrinus atsparumo spalvai.<\/p>\n<p>Gamintojas: Italija<\/p>\n<p>&nbsp;<\/p>\n","protected":false},"excerpt":{"rendered":"<p>Dasty pel\u0117sio valiklis T\u016bris: 700ml DASTY Pel\u0117sio valiklis\u00a0\u0161alina pel\u0117sio d\u0117mes nuo sien\u0173, i\u0161blukina pajuodavusius plyteli\u0173 tarpus ir tamsias pel\u0117sio d\u0117mes nuo silikono apvad\u0173 tarp vonios ir sienos ar du\u0161o kabinos ir sienos. Gali b\u016bti naudojamas ant vis\u0173 tip\u0173 sien\u0173 tiek lauke tiek viduje. Taip pat \u0161alina kavos ar arbatos d\u0117mes nuo virtuv\u0117s bald\u0173, plastiko pavir\u0161i\u0173. &hellip;<\/p>\n<p class=\"read-more\"> <a class=\"\" href=\"https:\/\/supernamai.shop\/?product=dasty-pelesio-valiklis\"> <span class=\"screen-reader-text\">Dasty pel\u0117sio valiklis<\/span> Skaityti daugiau &raquo;<\/a><\/p>\n","protected":false},"featured_media":1214,"comment_status":"open","ping_status":"closed","template":"","meta":{"om_disable_all_campaigns":false,"_uag_custom_page_level_css":"","_monsterinsights_skip_tracking":false,"_monsterinsights_sitenote_active":false,"_monsterinsights_sitenote_note":"","_monsterinsights_sitenote_category":0,"site-sidebar-layout":"default","site-content-layout":"default","ast-global-header-display":"","ast-main-header-display":"","ast-hfb-above-header-display":"","ast-hfb-below-header-display":"","ast-hfb-mobile-header-display":"","site-post-title":"","ast-breadcrumbs-content":"","ast-featured-img":"","footer-sml-layout":"","theme-transparent-header-meta":"default","adv-header-id-meta":"","stick-header-meta":"","header-above-stick-meta":"","header-main-stick-meta":"","header-below-stick-meta":""},"product_cat":[19,23,22],"product_tag":[],"class_list":{"0":"post-1213","1":"product","2":"type-product","3":"status-publish","4":"has-post-thumbnail","6":"product_cat-visos-prekes","7":"product_cat-voniai","8":"product_cat-valikliai","10":"first","11":"instock","12":"shipping-taxable","13":"purchasable","14":"product-type-simple"},"aioseo_notices":[],"uagb_featured_image_src":{"full":["https:\/\/supernamai.shop\/wp-content\/uploads\/2024\/09\/phpThumb_generated_thumbnail-1.jpg",530,520,false],"thumbnail":["https:\/\/supernamai.shop\/wp-content\/uploads\/2024\/09\/phpThumb_generated_thumbnail-1-150x150.jpg",150,150,true],"medium":["https:\/\/supernamai.shop\/wp-content\/uploads\/2024\/09\/phpThumb_generated_thumbnail-1-300x294.jpg",300,294,true],"medium_large":["https:\/\/supernamai.shop\/wp-content\/uploads\/2024\/09\/phpThumb_generated_thumbnail-1.jpg",530,520,false],"large":["https:\/\/supernamai.shop\/wp-content\/uploads\/2024\/09\/phpThumb_generated_thumbnail-1.jpg",530,520,false],"1536x1536":["https:\/\/supernamai.shop\/wp-content\/uploads\/2024\/09\/phpThumb_generated_thumbnail-1.jpg",530,520,false],"2048x2048":["https:\/\/supernamai.shop\/wp-content\/uploads\/2024\/09\/phpThumb_generated_thumbnail-1.jpg",530,520,false],"woocommerce_thumbnail":["https:\/\/supernamai.shop\/wp-content\/uploads\/2024\/09\/phpThumb_generated_thumbnail-1-300x300.jpg",300,300,true],"woocommerce_single":["https:\/\/supernamai.shop\/wp-content\/uploads\/2024\/09\/phpThumb_generated_thumbnail-1.jpg",530,520,false],"woocommerce_gallery_thumbnail":["https:\/\/supernamai.shop\/wp-content\/uploads\/2024\/09\/phpThumb_generated_thumbnail-1-100x100.jpg",100,100,true]},"uagb_author_info":{"display_name":"dovilejjj@yahoo.com","author_link":"https:\/\/supernamai.shop\/?author=0"},"uagb_comment_info":3,"uagb_excerpt":"Dasty pel\u0117sio valiklis T\u016bris: 700ml DASTY Pel\u0117sio valiklis\u00a0\u0161alina pel\u0117sio d\u0117mes nuo sien\u0173, i\u0161blukina pajuodavusius plyteli\u0173 tarpus ir tamsias pel\u0117sio d\u0117mes nuo silikono apvad\u0173 tarp vonios ir sienos ar du\u0161o kabinos ir sienos. Gali b\u016bti naudojamas ant vis\u0173 tip\u0173 sien\u0173 tiek lauke tiek viduje. Taip pat \u0161alina kavos ar arbatos d\u0117mes nuo virtuv\u0117s bald\u0173, plastiko pavir\u0161i\u0173.&hellip;","_links":{"self":[{"href":"https:\/\/supernamai.shop\/index.php?rest_route=\/wp\/v2\/product\/1213"}],"collection":[{"href":"https:\/\/supernamai.shop\/index.php?rest_route=\/wp\/v2\/product"}],"about":[{"href":"https:\/\/supernamai.shop\/index.php?rest_route=\/wp\/v2\/types\/product"}],"replies":[{"embeddable":true,"href":"https:\/\/supernamai.shop\/index.php?rest_route=%2Fwp%2Fv2%2Fcomments&post=1213"}],"wp:featuredmedia":[{"embeddable":true,"href":"https:\/\/supernamai.shop\/index.php?rest_route=\/wp\/v2\/media\/1214"}],"wp:attachment":[{"href":"https:\/\/supernamai.shop\/index.php?rest_route=%2Fwp%2Fv2%2Fmedia&parent=1213"}],"wp:term":[{"taxonomy":"product_cat","embeddable":true,"href":"https:\/\/supernamai.shop\/index.php?rest_route=%2Fwp%2Fv2%2Fproduct_cat&post=1213"},{"taxonomy":"product_tag","embeddable":true,"href":"https:\/\/supernamai.shop\/index.php?rest_route=%2Fwp%2Fv2%2Fproduct_tag&post=1213"}],"curies":[{"name":"wp","href":"https:\/\/api.w.org\/{rel}","templated":true}]}}