{"id":1217,"date":"2024-09-30T14:20:07","date_gmt":"2024-09-30T14:20:07","guid":{"rendered":"https:\/\/supernamai.shop\/?post_type=product&#038;p=1217"},"modified":"2024-09-30T14:30:14","modified_gmt":"2024-09-30T14:30:14","slug":"plieninis-puodas-su-dangciu-o20cm-33l-klausberg","status":"publish","type":"product","link":"https:\/\/supernamai.shop\/?product=plieninis-puodas-su-dangciu-o20cm-33l-klausberg","title":{"rendered":"Plieninis puodas su dang\u010diu, \u00d820cm 3,3l Klausberg"},"content":{"rendered":"<p>Plieninis puodas su dang\u010diu, \u00d820cm 3,3l Klausberg<\/p>\n<p>Charakteristikos:<\/p>\n<p>&#8211;\u00a0<strong>Pagaminta i\u0161 auk\u0161tos kokyb\u0117s 18\/10 ner\u016bdijan\u010dio plieno<\/strong><\/p>\n<p>&#8211; \u0161iluminis dugnas u\u017etikrina \u0161ilumos laidum\u0105<\/p>\n<p>&#8211; d\u0117l naudojam\u0173 med\u017eiag\u0173 puodas greitai \u012fkaista ir i\u0161laiko \u0161ilum\u0105<\/p>\n<p>&#8211;\u00a0<strong>tinka visoms virykl\u0117ms:<\/strong>\u00a0elektrin\u0117ms, dujin\u0117ms, stiklin\u0117ms, keramin\u0117ms, halogenin\u0117ms ir indukcin\u0117ms<\/p>\n<p>&#8211; u\u017etikrina sveiko maisto ruo\u0161im\u0105: gaminant su nedideliu kiekiu vandens ir nedideliu kiekiu riebal\u0173, taip suma\u017einant vitamin\u0173, mineral\u0173 ir skonio praradim\u0105<\/p>\n<p>&#8211; kampuose nesikaupia maisto ir riebal\u0173 liku\u010diai<\/p>\n<p>&#8211; lengva valyti<\/p>\n<p>&#8211; Galima plauti indaplov\u0117je<\/p>\n<p>&#8211;\u00a0<strong>talpa: 3,3l, \u00d820cm<\/strong><\/p>\n<p>Plienui 18\/10 neturi \u012ftakos r\u016bg\u0161tys, \u0161armai ar plovikliai. Puodai yra higieni\u0161ki ir nesuteikia gaminamam maistui metalo skonio. Jame galite laikyti maist\u0105.<br \/>\nNer\u016bdijan\u010dio plieno lydinys 18\/10 i\u0161 tikr\u0173j\u0173 yra lydinys, kurio sud\u0117tyje yra didesnis chromo ir nikelio kiekis. Jo i\u0161skirtinis bruo\u017eas yra didelis tankis. D\u0117l to puodo pavir\u0161iuje beveik n\u0117ra mikropor\u0173, o tai rei\u0161kia kad purvui ir mikrobams tiesiog n\u0117ra kur kauptis Be to, toks plienas yra labai kietas ir atsparus mechaniniams pa\u017eeidimams. Nebus r\u016bd\u017ei\u0173 ir korozijos. Ekologiniu po\u017ei\u016briu \u0161is inertinis metalas nusipelno vis\u0173 pagyrim\u0173. Auk\u0161tos kokyb\u0117s \u017ealiavos ir kokyb\u0117s tikrinimo procesai garantuoja ilg\u0105 produkto tarnavimo laik\u0105.<\/p>\n","protected":false},"excerpt":{"rendered":"<p>Plieninis puodas su dang\u010diu, \u00d820cm 3,3l Klausberg Charakteristikos: &#8211;\u00a0Pagaminta i\u0161 auk\u0161tos kokyb\u0117s 18\/10 ner\u016bdijan\u010dio plieno &#8211; \u0161iluminis dugnas u\u017etikrina \u0161ilumos laidum\u0105 &#8211; d\u0117l naudojam\u0173 med\u017eiag\u0173 puodas greitai \u012fkaista ir i\u0161laiko \u0161ilum\u0105 &#8211;\u00a0tinka visoms virykl\u0117ms:\u00a0elektrin\u0117ms, dujin\u0117ms, stiklin\u0117ms, keramin\u0117ms, halogenin\u0117ms ir indukcin\u0117ms &#8211; u\u017etikrina sveiko maisto ruo\u0161im\u0105: gaminant su nedideliu kiekiu vandens ir nedideliu kiekiu riebal\u0173, taip &hellip;<\/p>\n<p class=\"read-more\"> <a class=\"\" href=\"https:\/\/supernamai.shop\/?product=plieninis-puodas-su-dangciu-o20cm-33l-klausberg\"> <span class=\"screen-reader-text\">Plieninis puodas su dang\u010diu, \u00d820cm 3,3l Klausberg<\/span> Skaityti daugiau &raquo;<\/a><\/p>\n","protected":false},"featured_media":1220,"comment_status":"open","ping_status":"closed","template":"","meta":{"om_disable_all_campaigns":false,"_uag_custom_page_level_css":"","_monsterinsights_skip_tracking":false,"_monsterinsights_sitenote_active":false,"_monsterinsights_sitenote_note":"","_monsterinsights_sitenote_category":0,"site-sidebar-layout":"default","site-content-layout":"default","ast-global-header-display":"","ast-main-header-display":"","ast-hfb-above-header-display":"","ast-hfb-below-header-display":"","ast-hfb-mobile-header-display":"","site-post-title":"","ast-breadcrumbs-content":"","ast-featured-img":"","footer-sml-layout":"","theme-transparent-header-meta":"default","adv-header-id-meta":"","stick-header-meta":"","header-above-stick-meta":"","header-main-stick-meta":"","header-below-stick-meta":""},"product_cat":[19,16],"product_tag":[],"class_list":{"0":"post-1217","1":"product","2":"type-product","3":"status-publish","4":"has-post-thumbnail","6":"product_cat-visos-prekes","7":"product_cat-puodai","9":"first","10":"instock","11":"shipping-taxable","12":"purchasable","13":"product-type-simple"},"aioseo_notices":[],"uagb_featured_image_src":{"full":["https:\/\/supernamai.shop\/wp-content\/uploads\/2024\/09\/garnek-stal-o18cm-25l-klausberg.jpg",1000,1000,false],"thumbnail":["https:\/\/supernamai.shop\/wp-content\/uploads\/2024\/09\/garnek-stal-o18cm-25l-klausberg-150x150.jpg",150,150,true],"medium":["https:\/\/supernamai.shop\/wp-content\/uploads\/2024\/09\/garnek-stal-o18cm-25l-klausberg-300x300.jpg",300,300,true],"medium_large":["https:\/\/supernamai.shop\/wp-content\/uploads\/2024\/09\/garnek-stal-o18cm-25l-klausberg-768x768.jpg",768,768,true],"large":["https:\/\/supernamai.shop\/wp-content\/uploads\/2024\/09\/garnek-stal-o18cm-25l-klausberg.jpg",1000,1000,false],"1536x1536":["https:\/\/supernamai.shop\/wp-content\/uploads\/2024\/09\/garnek-stal-o18cm-25l-klausberg.jpg",1000,1000,false],"2048x2048":["https:\/\/supernamai.shop\/wp-content\/uploads\/2024\/09\/garnek-stal-o18cm-25l-klausberg.jpg",1000,1000,false],"woocommerce_thumbnail":["https:\/\/supernamai.shop\/wp-content\/uploads\/2024\/09\/garnek-stal-o18cm-25l-klausberg-300x300.jpg",300,300,true],"woocommerce_single":["https:\/\/supernamai.shop\/wp-content\/uploads\/2024\/09\/garnek-stal-o18cm-25l-klausberg-600x600.jpg",600,600,true],"woocommerce_gallery_thumbnail":["https:\/\/supernamai.shop\/wp-content\/uploads\/2024\/09\/garnek-stal-o18cm-25l-klausberg-100x100.jpg",100,100,true]},"uagb_author_info":{"display_name":"dovilejjj@yahoo.com","author_link":"https:\/\/supernamai.shop\/?author=0"},"uagb_comment_info":0,"uagb_excerpt":"Plieninis puodas su dang\u010diu, \u00d820cm 3,3l Klausberg Charakteristikos: &#8211;\u00a0Pagaminta i\u0161 auk\u0161tos kokyb\u0117s 18\/10 ner\u016bdijan\u010dio plieno &#8211; \u0161iluminis dugnas u\u017etikrina \u0161ilumos laidum\u0105 &#8211; d\u0117l naudojam\u0173 med\u017eiag\u0173 puodas greitai \u012fkaista ir i\u0161laiko \u0161ilum\u0105 &#8211;\u00a0tinka visoms virykl\u0117ms:\u00a0elektrin\u0117ms, dujin\u0117ms, stiklin\u0117ms, keramin\u0117ms, halogenin\u0117ms ir indukcin\u0117ms &#8211; u\u017etikrina sveiko maisto ruo\u0161im\u0105: gaminant su nedideliu kiekiu vandens ir nedideliu kiekiu riebal\u0173, taip&hellip;","_links":{"self":[{"href":"https:\/\/supernamai.shop\/index.php?rest_route=\/wp\/v2\/product\/1217"}],"collection":[{"href":"https:\/\/supernamai.shop\/index.php?rest_route=\/wp\/v2\/product"}],"about":[{"href":"https:\/\/supernamai.shop\/index.php?rest_route=\/wp\/v2\/types\/product"}],"replies":[{"embeddable":true,"href":"https:\/\/supernamai.shop\/index.php?rest_route=%2Fwp%2Fv2%2Fcomments&post=1217"}],"wp:featuredmedia":[{"embeddable":true,"href":"https:\/\/supernamai.shop\/index.php?rest_route=\/wp\/v2\/media\/1220"}],"wp:attachment":[{"href":"https:\/\/supernamai.shop\/index.php?rest_route=%2Fwp%2Fv2%2Fmedia&parent=1217"}],"wp:term":[{"taxonomy":"product_cat","embeddable":true,"href":"https:\/\/supernamai.shop\/index.php?rest_route=%2Fwp%2Fv2%2Fproduct_cat&post=1217"},{"taxonomy":"product_tag","embeddable":true,"href":"https:\/\/supernamai.shop\/index.php?rest_route=%2Fwp%2Fv2%2Fproduct_tag&post=1217"}],"curies":[{"name":"wp","href":"https:\/\/api.w.org\/{rel}","templated":true}]}}