{"id":1224,"date":"2024-09-30T15:52:00","date_gmt":"2024-09-30T15:52:00","guid":{"rendered":"https:\/\/supernamai.shop\/?post_type=product&#038;p=1224"},"modified":"2024-09-30T15:52:00","modified_gmt":"2024-09-30T15:52:00","slug":"tesori-doriente-hammam-argan-and-orange-blossoms-skalbiniu-minkstiklis","status":"publish","type":"product","link":"https:\/\/supernamai.shop\/?product=tesori-doriente-hammam-argan-and-orange-blossoms-skalbiniu-minkstiklis","title":{"rendered":"Tesori d&#8217;Oriente Hammam Argan and Orange Blossoms skalbini\u0173 mink\u0161tiklis"},"content":{"rendered":"<h3 class=\"q-text-header-lg\"><span>Tesori d&#8217;Oriente Hammam Argan and Orange Blossoms skalbini\u0173 mink\u0161tiklis<\/span><\/h3>\n<p>Nepilkite tiesiai ant r\u016bb\u0173, nedidinkite nurodyto kiekio. Atsargiai. Dirgina od\u0105. Sukelia aki\u0173 dirginim\u0105. Laikyti vaikams neprieinamoje vietoje.<\/p>\n<div>\n<p>Prabangus, koncentruotas skalbini\u0173 mink\u0161tiklis iki 30skalbim\u0173. Viliojantis ir i\u0161skirtinis jazmin\u0173 bei gaivi\u0173 apelsin\u0173 ir klementin\u0173 aromatas panardins \u012f rytieti\u0161k\u0173 lobi\u0173 pasaul\u012f. D\u0117l savo kremin\u0117s formul\u0117s ir argano aliejaus produktas puikiai mink\u0161tina audinius, tuo pa\u010diu palengvindamas lyginim\u0105.<\/p>\n<p>Gamintojas: Italija<\/p>\n<\/div>\n","protected":false},"excerpt":{"rendered":"<p>Tesori d&#8217;Oriente Hammam Argan and Orange Blossoms skalbini\u0173 mink\u0161tiklis Nepilkite tiesiai ant r\u016bb\u0173, nedidinkite nurodyto kiekio. Atsargiai. Dirgina od\u0105. Sukelia aki\u0173 dirginim\u0105. Laikyti vaikams neprieinamoje vietoje. Prabangus, koncentruotas skalbini\u0173 mink\u0161tiklis iki 30skalbim\u0173. Viliojantis ir i\u0161skirtinis jazmin\u0173 bei gaivi\u0173 apelsin\u0173 ir klementin\u0173 aromatas panardins \u012f rytieti\u0161k\u0173 lobi\u0173 pasaul\u012f. D\u0117l savo kremin\u0117s formul\u0117s ir argano aliejaus produktas &hellip;<\/p>\n<p class=\"read-more\"> <a class=\"\" href=\"https:\/\/supernamai.shop\/?product=tesori-doriente-hammam-argan-and-orange-blossoms-skalbiniu-minkstiklis\"> <span class=\"screen-reader-text\">Tesori d&#8217;Oriente Hammam Argan and Orange Blossoms skalbini\u0173 mink\u0161tiklis<\/span> Skaityti daugiau &raquo;<\/a><\/p>\n","protected":false},"featured_media":1225,"comment_status":"open","ping_status":"closed","template":"","meta":{"om_disable_all_campaigns":false,"_uag_custom_page_level_css":"","_monsterinsights_skip_tracking":false,"_monsterinsights_sitenote_active":false,"_monsterinsights_sitenote_note":"","_monsterinsights_sitenote_category":0,"site-sidebar-layout":"default","site-content-layout":"default","ast-global-header-display":"","ast-main-header-display":"","ast-hfb-above-header-display":"","ast-hfb-below-header-display":"","ast-hfb-mobile-header-display":"","site-post-title":"","ast-breadcrumbs-content":"","ast-featured-img":"","footer-sml-layout":"","theme-transparent-header-meta":"default","adv-header-id-meta":"","stick-header-meta":"","header-above-stick-meta":"","header-main-stick-meta":"","header-below-stick-meta":""},"product_cat":[19,20],"product_tag":[],"class_list":{"0":"post-1224","1":"product","2":"type-product","3":"status-publish","4":"has-post-thumbnail","6":"product_cat-visos-prekes","7":"product_cat-skalbimo-priemones","9":"first","10":"instock","11":"shipping-taxable","12":"purchasable","13":"product-type-simple"},"aioseo_notices":[],"uagb_featured_image_src":{"full":["https:\/\/supernamai.shop\/wp-content\/uploads\/2024\/09\/34TfuGft2LTwi52uDEsqxT.jpg",430,430,false],"thumbnail":["https:\/\/supernamai.shop\/wp-content\/uploads\/2024\/09\/34TfuGft2LTwi52uDEsqxT-150x150.jpg",150,150,true],"medium":["https:\/\/supernamai.shop\/wp-content\/uploads\/2024\/09\/34TfuGft2LTwi52uDEsqxT-300x300.jpg",300,300,true],"medium_large":["https:\/\/supernamai.shop\/wp-content\/uploads\/2024\/09\/34TfuGft2LTwi52uDEsqxT.jpg",430,430,false],"large":["https:\/\/supernamai.shop\/wp-content\/uploads\/2024\/09\/34TfuGft2LTwi52uDEsqxT.jpg",430,430,false],"1536x1536":["https:\/\/supernamai.shop\/wp-content\/uploads\/2024\/09\/34TfuGft2LTwi52uDEsqxT.jpg",430,430,false],"2048x2048":["https:\/\/supernamai.shop\/wp-content\/uploads\/2024\/09\/34TfuGft2LTwi52uDEsqxT.jpg",430,430,false],"woocommerce_thumbnail":["https:\/\/supernamai.shop\/wp-content\/uploads\/2024\/09\/34TfuGft2LTwi52uDEsqxT-300x300.jpg",300,300,true],"woocommerce_single":["https:\/\/supernamai.shop\/wp-content\/uploads\/2024\/09\/34TfuGft2LTwi52uDEsqxT.jpg",430,430,false],"woocommerce_gallery_thumbnail":["https:\/\/supernamai.shop\/wp-content\/uploads\/2024\/09\/34TfuGft2LTwi52uDEsqxT-100x100.jpg",100,100,true]},"uagb_author_info":{"display_name":"dovilejjj@yahoo.com","author_link":"https:\/\/supernamai.shop\/?author=0"},"uagb_comment_info":0,"uagb_excerpt":"Tesori d&#8217;Oriente Hammam Argan and Orange Blossoms skalbini\u0173 mink\u0161tiklis Nepilkite tiesiai ant r\u016bb\u0173, nedidinkite nurodyto kiekio. Atsargiai. Dirgina od\u0105. Sukelia aki\u0173 dirginim\u0105. Laikyti vaikams neprieinamoje vietoje. Prabangus, koncentruotas skalbini\u0173 mink\u0161tiklis iki 30skalbim\u0173. Viliojantis ir i\u0161skirtinis jazmin\u0173 bei gaivi\u0173 apelsin\u0173 ir klementin\u0173 aromatas panardins \u012f rytieti\u0161k\u0173 lobi\u0173 pasaul\u012f. D\u0117l savo kremin\u0117s formul\u0117s ir argano aliejaus produktas&hellip;","_links":{"self":[{"href":"https:\/\/supernamai.shop\/index.php?rest_route=\/wp\/v2\/product\/1224"}],"collection":[{"href":"https:\/\/supernamai.shop\/index.php?rest_route=\/wp\/v2\/product"}],"about":[{"href":"https:\/\/supernamai.shop\/index.php?rest_route=\/wp\/v2\/types\/product"}],"replies":[{"embeddable":true,"href":"https:\/\/supernamai.shop\/index.php?rest_route=%2Fwp%2Fv2%2Fcomments&post=1224"}],"wp:featuredmedia":[{"embeddable":true,"href":"https:\/\/supernamai.shop\/index.php?rest_route=\/wp\/v2\/media\/1225"}],"wp:attachment":[{"href":"https:\/\/supernamai.shop\/index.php?rest_route=%2Fwp%2Fv2%2Fmedia&parent=1224"}],"wp:term":[{"taxonomy":"product_cat","embeddable":true,"href":"https:\/\/supernamai.shop\/index.php?rest_route=%2Fwp%2Fv2%2Fproduct_cat&post=1224"},{"taxonomy":"product_tag","embeddable":true,"href":"https:\/\/supernamai.shop\/index.php?rest_route=%2Fwp%2Fv2%2Fproduct_tag&post=1224"}],"curies":[{"name":"wp","href":"https:\/\/api.w.org\/{rel}","templated":true}]}}