{"id":1226,"date":"2024-09-30T16:23:18","date_gmt":"2024-09-30T16:23:18","guid":{"rendered":"https:\/\/supernamai.shop\/?post_type=product&#038;p=1226"},"modified":"2024-09-30T16:23:19","modified_gmt":"2024-09-30T16:23:19","slug":"universalus-garinimo-ideklas-o-20cm-klausberg","status":"publish","type":"product","link":"https:\/\/supernamai.shop\/?product=universalus-garinimo-ideklas-o-20cm-klausberg","title":{"rendered":"Universalus garinimo \u012fd\u0117klas \u00d8 20cm, Klausberg"},"content":{"rendered":"<h5 class=\"h1 product-detail-name\"><span>Universalus garinimo \u012fd\u0117klas \u00d8 20cm, Klausberg plienas<\/span><\/h5>\n<p><span>Universalus 20 cm skersmens garinimo \u012fd\u0117klas. Tinka 16, 18 ir 20 cm skersmens puodams. Puikiai tinka virti dar\u017eoves ir \u017euv\u012f neprarandant vitamin\u0173 ir verting\u0173 mineral\u0173. Rekomenduojama \u017emon\u0117ms, kurie laikosi ma\u017eai kalorij\u0173 turin\u010dios dietos.\u00a0<\/span><\/p>\n<p><span>Savyb\u0117s:<\/span><br \/>\n<span>Pagaminta i\u0161 auk\u0161tos kokyb\u0117s ner\u016bdijan\u010dio plieno<\/span><br \/>\n<span>\u012evairi\u0173 dyd\u017ei\u0173 \u017eiedai apa\u010dioje leid\u017eia \u012fd\u0117ti \u012fd\u0117kl\u0105 ant puod\u0173, kuri\u0173 skersmuo: 16, 18 ir 20 cm Galima <\/span><span>plauti indaplov\u0117je<\/span><br \/>\n<span>Dydis \u2013 20 x 8,5 cm<\/span><\/p>\n","protected":false},"excerpt":{"rendered":"<h5 class=\"h1 product-detail-name\">Universalus garinimo \u012fd\u0117klas \u00d8 20cm, Klausberg plienas<\/h5>\n","protected":false},"featured_media":1227,"comment_status":"open","ping_status":"closed","template":"","meta":{"om_disable_all_campaigns":false,"_uag_custom_page_level_css":"","_monsterinsights_skip_tracking":false,"_monsterinsights_sitenote_active":false,"_monsterinsights_sitenote_note":"","_monsterinsights_sitenote_category":0,"site-sidebar-layout":"default","site-content-layout":"default","ast-global-header-display":"","ast-main-header-display":"","ast-hfb-above-header-display":"","ast-hfb-below-header-display":"","ast-hfb-mobile-header-display":"","site-post-title":"","ast-breadcrumbs-content":"","ast-featured-img":"","footer-sml-layout":"","theme-transparent-header-meta":"default","adv-header-id-meta":"","stick-header-meta":"","header-above-stick-meta":"","header-main-stick-meta":"","header-below-stick-meta":""},"product_cat":[19,16],"product_tag":[],"class_list":{"0":"post-1226","1":"product","2":"type-product","3":"status-publish","4":"has-post-thumbnail","6":"product_cat-visos-prekes","7":"product_cat-puodai","9":"first","10":"instock","11":"shipping-taxable","12":"purchasable","13":"product-type-simple"},"aioseo_notices":[],"uagb_featured_image_src":{"full":["https:\/\/supernamai.shop\/wp-content\/uploads\/2024\/09\/p3575-kb7586-wklad-parowy-uniwersalny.jpg",1000,1000,false],"thumbnail":["https:\/\/supernamai.shop\/wp-content\/uploads\/2024\/09\/p3575-kb7586-wklad-parowy-uniwersalny-150x150.jpg",150,150,true],"medium":["https:\/\/supernamai.shop\/wp-content\/uploads\/2024\/09\/p3575-kb7586-wklad-parowy-uniwersalny-300x300.jpg",300,300,true],"medium_large":["https:\/\/supernamai.shop\/wp-content\/uploads\/2024\/09\/p3575-kb7586-wklad-parowy-uniwersalny-768x768.jpg",768,768,true],"large":["https:\/\/supernamai.shop\/wp-content\/uploads\/2024\/09\/p3575-kb7586-wklad-parowy-uniwersalny.jpg",1000,1000,false],"1536x1536":["https:\/\/supernamai.shop\/wp-content\/uploads\/2024\/09\/p3575-kb7586-wklad-parowy-uniwersalny.jpg",1000,1000,false],"2048x2048":["https:\/\/supernamai.shop\/wp-content\/uploads\/2024\/09\/p3575-kb7586-wklad-parowy-uniwersalny.jpg",1000,1000,false],"woocommerce_thumbnail":["https:\/\/supernamai.shop\/wp-content\/uploads\/2024\/09\/p3575-kb7586-wklad-parowy-uniwersalny-300x300.jpg",300,300,true],"woocommerce_single":["https:\/\/supernamai.shop\/wp-content\/uploads\/2024\/09\/p3575-kb7586-wklad-parowy-uniwersalny-600x600.jpg",600,600,true],"woocommerce_gallery_thumbnail":["https:\/\/supernamai.shop\/wp-content\/uploads\/2024\/09\/p3575-kb7586-wklad-parowy-uniwersalny-100x100.jpg",100,100,true]},"uagb_author_info":{"display_name":"dovilejjj@yahoo.com","author_link":"https:\/\/supernamai.shop\/?author=0"},"uagb_comment_info":0,"uagb_excerpt":"Universalus garinimo \u012fd\u0117klas \u00d8 20cm, Klausberg plienas","_links":{"self":[{"href":"https:\/\/supernamai.shop\/index.php?rest_route=\/wp\/v2\/product\/1226"}],"collection":[{"href":"https:\/\/supernamai.shop\/index.php?rest_route=\/wp\/v2\/product"}],"about":[{"href":"https:\/\/supernamai.shop\/index.php?rest_route=\/wp\/v2\/types\/product"}],"replies":[{"embeddable":true,"href":"https:\/\/supernamai.shop\/index.php?rest_route=%2Fwp%2Fv2%2Fcomments&post=1226"}],"wp:featuredmedia":[{"embeddable":true,"href":"https:\/\/supernamai.shop\/index.php?rest_route=\/wp\/v2\/media\/1227"}],"wp:attachment":[{"href":"https:\/\/supernamai.shop\/index.php?rest_route=%2Fwp%2Fv2%2Fmedia&parent=1226"}],"wp:term":[{"taxonomy":"product_cat","embeddable":true,"href":"https:\/\/supernamai.shop\/index.php?rest_route=%2Fwp%2Fv2%2Fproduct_cat&post=1226"},{"taxonomy":"product_tag","embeddable":true,"href":"https:\/\/supernamai.shop\/index.php?rest_route=%2Fwp%2Fv2%2Fproduct_tag&post=1226"}],"curies":[{"name":"wp","href":"https:\/\/api.w.org\/{rel}","templated":true}]}}