{"id":1230,"date":"2024-09-30T16:33:18","date_gmt":"2024-09-30T16:33:18","guid":{"rendered":"https:\/\/supernamai.shop\/?post_type=product&#038;p=1230"},"modified":"2024-09-30T16:33:18","modified_gmt":"2024-09-30T16:33:18","slug":"troskintuvas-su-nepridegancia-marmurine-danga-kinghoff","status":"publish","type":"product","link":"https:\/\/supernamai.shop\/?product=troskintuvas-su-nepridegancia-marmurine-danga-kinghoff","title":{"rendered":"Tro\u0161kintuvas su nepridegan\u010dia marmurine danga KINGHoff"},"content":{"rendered":"<p><span>Marmurine danga tro\u0161kinimo-kepimo puodas. Galima naudoti tiek gaminant ant virykl\u0117s, tiek orkait\u0117je (metalin\u0117s rankenos be plastikini\u0173 element\u0173). Tinka vis\u0173 tip\u0173 virykl\u0117ms, i\u0161skyrus indukcines. D\u0117l naujovi\u0161kos \u201eAroma Knob\u201c rankenos galite automati\u0161kai i\u0161pilti aliej\u0173 arba alyvuogi\u0173 aliej\u0173, pvz., aromatin\u012f aliej\u0173, \u012f keptuv\u0117s vid\u0173. D\u0117l to patiekalas bus sultingas ir nepridegs.<\/span><\/p>\n<p>&nbsp;<\/p>\n<p><strong><span>Charakteristikos:<\/span><\/strong><\/p>\n<ul>\n<li><span>Nelipni marmurin\u0117 danga sveikam gaminimui<\/span><\/li>\n<li><span>Puikiai i\u0161laiko \u0161ilum\u0105, tod\u0117l gaminant maist\u0105 taupoma energija<\/span><\/li>\n<li><span>Nelipnus vidus u\u017etikrina greit\u0105 ir tolyg\u0173 \u0161ilumos paskirstym\u0105<\/span><\/li>\n<li><span>Gr\u016bdinto stiklo dangtelis su orlaide<\/span><\/li>\n<li><span>Labai tvirtas, nedeformuojantis dugnas<\/span><\/li>\n<\/ul>\n<p><strong><span>Matmenys:<\/span><\/strong><\/p>\n<ul>\n<li><span>Ilgis: 32 cm\u00a0<\/span><\/li>\n<li><span>Plotis: 22 cm<\/span><\/li>\n<li><span>Auk\u0161tis: 10,6 cm<\/span><\/li>\n<li><span>Talpa ~ 5,5L\u00a0<\/span><\/li>\n<\/ul>\n","protected":false},"excerpt":{"rendered":"<p>Marmurine danga tro\u0161kinimo-kepimo puodas. Galima naudoti tiek gaminant ant virykl\u0117s, tiek orkait\u0117je (metalin\u0117s rankenos be plastikini\u0173 element\u0173). Tinka vis\u0173 tip\u0173 virykl\u0117ms, i\u0161skyrus indukcines. D\u0117l naujovi\u0161kos \u201eAroma Knob\u201c rankenos galite automati\u0161kai i\u0161pilti aliej\u0173 arba alyvuogi\u0173 aliej\u0173, pvz., aromatin\u012f aliej\u0173, \u012f keptuv\u0117s vid\u0173. D\u0117l to patiekalas bus sultingas ir nepridegs. &nbsp; Charakteristikos: Nelipni marmurin\u0117 danga sveikam gaminimui &hellip;<\/p>\n<p class=\"read-more\"> <a class=\"\" href=\"https:\/\/supernamai.shop\/?product=troskintuvas-su-nepridegancia-marmurine-danga-kinghoff\"> <span class=\"screen-reader-text\">Tro\u0161kintuvas su nepridegan\u010dia marmurine danga KINGHoff<\/span> Skaityti daugiau &raquo;<\/a><\/p>\n","protected":false},"featured_media":1231,"comment_status":"open","ping_status":"closed","template":"","meta":{"om_disable_all_campaigns":false,"_uag_custom_page_level_css":"","_monsterinsights_skip_tracking":false,"_monsterinsights_sitenote_active":false,"_monsterinsights_sitenote_note":"","_monsterinsights_sitenote_category":0,"site-sidebar-layout":"default","site-content-layout":"default","ast-global-header-display":"","ast-main-header-display":"","ast-hfb-above-header-display":"","ast-hfb-below-header-display":"","ast-hfb-mobile-header-display":"","site-post-title":"","ast-breadcrumbs-content":"","ast-featured-img":"","footer-sml-layout":"","theme-transparent-header-meta":"default","adv-header-id-meta":"","stick-header-meta":"","header-above-stick-meta":"","header-main-stick-meta":"","header-below-stick-meta":""},"product_cat":[19,16],"product_tag":[],"class_list":{"0":"post-1230","1":"product","2":"type-product","3":"status-publish","4":"has-post-thumbnail","6":"product_cat-visos-prekes","7":"product_cat-puodai","9":"first","10":"instock","11":"shipping-taxable","12":"purchasable","13":"product-type-simple"},"aioseo_notices":[],"uagb_featured_image_src":{"full":["https:\/\/supernamai.shop\/wp-content\/uploads\/2024\/09\/brytfanna-z-powloka-nieprzywieralna-marmurowa-kinghoff.jpg",1000,1000,false],"thumbnail":["https:\/\/supernamai.shop\/wp-content\/uploads\/2024\/09\/brytfanna-z-powloka-nieprzywieralna-marmurowa-kinghoff-150x150.jpg",150,150,true],"medium":["https:\/\/supernamai.shop\/wp-content\/uploads\/2024\/09\/brytfanna-z-powloka-nieprzywieralna-marmurowa-kinghoff-300x300.jpg",300,300,true],"medium_large":["https:\/\/supernamai.shop\/wp-content\/uploads\/2024\/09\/brytfanna-z-powloka-nieprzywieralna-marmurowa-kinghoff-768x768.jpg",768,768,true],"large":["https:\/\/supernamai.shop\/wp-content\/uploads\/2024\/09\/brytfanna-z-powloka-nieprzywieralna-marmurowa-kinghoff.jpg",1000,1000,false],"1536x1536":["https:\/\/supernamai.shop\/wp-content\/uploads\/2024\/09\/brytfanna-z-powloka-nieprzywieralna-marmurowa-kinghoff.jpg",1000,1000,false],"2048x2048":["https:\/\/supernamai.shop\/wp-content\/uploads\/2024\/09\/brytfanna-z-powloka-nieprzywieralna-marmurowa-kinghoff.jpg",1000,1000,false],"woocommerce_thumbnail":["https:\/\/supernamai.shop\/wp-content\/uploads\/2024\/09\/brytfanna-z-powloka-nieprzywieralna-marmurowa-kinghoff-300x300.jpg",300,300,true],"woocommerce_single":["https:\/\/supernamai.shop\/wp-content\/uploads\/2024\/09\/brytfanna-z-powloka-nieprzywieralna-marmurowa-kinghoff-600x600.jpg",600,600,true],"woocommerce_gallery_thumbnail":["https:\/\/supernamai.shop\/wp-content\/uploads\/2024\/09\/brytfanna-z-powloka-nieprzywieralna-marmurowa-kinghoff-100x100.jpg",100,100,true]},"uagb_author_info":{"display_name":"dovilejjj@yahoo.com","author_link":"https:\/\/supernamai.shop\/?author=0"},"uagb_comment_info":0,"uagb_excerpt":"Marmurine danga tro\u0161kinimo-kepimo puodas. Galima naudoti tiek gaminant ant virykl\u0117s, tiek orkait\u0117je (metalin\u0117s rankenos be plastikini\u0173 element\u0173). Tinka vis\u0173 tip\u0173 virykl\u0117ms, i\u0161skyrus indukcines. D\u0117l naujovi\u0161kos \u201eAroma Knob\u201c rankenos galite automati\u0161kai i\u0161pilti aliej\u0173 arba alyvuogi\u0173 aliej\u0173, pvz., aromatin\u012f aliej\u0173, \u012f keptuv\u0117s vid\u0173. D\u0117l to patiekalas bus sultingas ir nepridegs. &nbsp; Charakteristikos: Nelipni marmurin\u0117 danga sveikam gaminimui&hellip;","_links":{"self":[{"href":"https:\/\/supernamai.shop\/index.php?rest_route=\/wp\/v2\/product\/1230"}],"collection":[{"href":"https:\/\/supernamai.shop\/index.php?rest_route=\/wp\/v2\/product"}],"about":[{"href":"https:\/\/supernamai.shop\/index.php?rest_route=\/wp\/v2\/types\/product"}],"replies":[{"embeddable":true,"href":"https:\/\/supernamai.shop\/index.php?rest_route=%2Fwp%2Fv2%2Fcomments&post=1230"}],"wp:featuredmedia":[{"embeddable":true,"href":"https:\/\/supernamai.shop\/index.php?rest_route=\/wp\/v2\/media\/1231"}],"wp:attachment":[{"href":"https:\/\/supernamai.shop\/index.php?rest_route=%2Fwp%2Fv2%2Fmedia&parent=1230"}],"wp:term":[{"taxonomy":"product_cat","embeddable":true,"href":"https:\/\/supernamai.shop\/index.php?rest_route=%2Fwp%2Fv2%2Fproduct_cat&post=1230"},{"taxonomy":"product_tag","embeddable":true,"href":"https:\/\/supernamai.shop\/index.php?rest_route=%2Fwp%2Fv2%2Fproduct_tag&post=1230"}],"curies":[{"name":"wp","href":"https:\/\/api.w.org\/{rel}","templated":true}]}}