{"id":698,"date":"2021-08-20T08:42:21","date_gmt":"2021-08-20T08:42:21","guid":{"rendered":"http:\/\/supernamai.shop\/?product=single-prong-weeder"},"modified":"2024-09-11T07:09:20","modified_gmt":"2024-09-11T07:09:20","slug":"single-prong-weeder","status":"publish","type":"product","link":"https:\/\/supernamai.shop\/?product=single-prong-weeder","title":{"rendered":"Silikoninis tualeto \u0161epetys"},"content":{"rendered":"<p>Prakti\u0161kas ir patvarus tualeto \u0161epetys, pagamintas i\u0161 silikono.\u00a0Lankst\u016bs \u0161ereliai efektyviai valo unitaz\u0105. Specialiame inde \u012frengta anga, leid\u017eianti nutek\u0117ti susikaupusiam vandeniui.\u00a0Papildoma rankena leid\u017eia pakabinti \u0161epet\u012f ant sienos, o tvirtas pagrindas leid\u017eia j\u012f klasikiniu b\u016bdu d\u0117ti ant grind\u0173.\u00a0Pagrindas turi sandar\u0173 dugn\u0105, kuris neleid\u017eia vandeniui la\u0161\u0117ti ant grind\u0173.<\/p>\n<p><strong>Produkto savyb\u0117s ir specifikacijos:<\/strong><\/p>\n<ul>\n<li>Patvarus tualeto \u0161epetys pagamintas i\u0161 silikono.<\/li>\n<li>Lankst\u016bs \u0161ereliai efektyviai valo.<\/li>\n<li>Specialus indas leid\u017eia nutek\u0117ti vandeniui.<\/li>\n<li>Papildoma rankena leid\u017eia pakabinti \u0161epet\u012f ant sienos.<\/li>\n<li>Pagrindas turi sandar\u0173 dugn\u0105, kuris neleid\u017eia vandeniui la\u0161\u0117ti ant grind\u0173.<\/li>\n<li>Minimalistinis dizainas.<\/li>\n<li>Med\u017eiaga: silikonas<\/li>\n<li>Plotis: 9,5 cm<\/li>\n<li>Auk\u0161tis: 36 cm<\/li>\n<li><strong>balta spalva<\/strong><\/li>\n<\/ul>\n","protected":false},"excerpt":{"rendered":"<p>.<\/p>\n","protected":false},"featured_media":1150,"comment_status":"open","ping_status":"closed","template":"","meta":{"om_disable_all_campaigns":false,"_uag_custom_page_level_css":"","_monsterinsights_skip_tracking":false,"_monsterinsights_sitenote_active":false,"_monsterinsights_sitenote_note":"","_monsterinsights_sitenote_category":0,"site-sidebar-layout":"default","site-content-layout":"content-boxed-container","ast-global-header-display":"","ast-main-header-display":"","ast-hfb-above-header-display":"","ast-hfb-below-header-display":"","ast-hfb-mobile-header-display":"","site-post-title":"","ast-breadcrumbs-content":"","ast-featured-img":"","footer-sml-layout":"","theme-transparent-header-meta":"default","adv-header-id-meta":"","stick-header-meta":"","header-above-stick-meta":"","header-main-stick-meta":"","header-below-stick-meta":""},"product_cat":[19,23],"product_tag":[],"class_list":{"0":"post-698","1":"product","2":"type-product","3":"status-publish","4":"has-post-thumbnail","6":"product_cat-visos-prekes","7":"product_cat-voniai","9":"first","10":"instock","11":"shipping-taxable","12":"purchasable","13":"product-type-simple"},"aioseo_notices":[],"uagb_featured_image_src":{"full":["https:\/\/supernamai.shop\/wp-content\/uploads\/2021\/08\/AG316J_ag316j_21.jpg",1197,1200,false],"thumbnail":["https:\/\/supernamai.shop\/wp-content\/uploads\/2021\/08\/AG316J_ag316j_21-150x150.jpg",150,150,true],"medium":["https:\/\/supernamai.shop\/wp-content\/uploads\/2021\/08\/AG316J_ag316j_21-300x300.jpg",300,300,true],"medium_large":["https:\/\/supernamai.shop\/wp-content\/uploads\/2021\/08\/AG316J_ag316j_21-768x770.jpg",768,770,true],"large":["https:\/\/supernamai.shop\/wp-content\/uploads\/2021\/08\/AG316J_ag316j_21-1021x1024.jpg",1021,1024,true],"1536x1536":["https:\/\/supernamai.shop\/wp-content\/uploads\/2021\/08\/AG316J_ag316j_21.jpg",1197,1200,false],"2048x2048":["https:\/\/supernamai.shop\/wp-content\/uploads\/2021\/08\/AG316J_ag316j_21.jpg",1197,1200,false],"woocommerce_thumbnail":["https:\/\/supernamai.shop\/wp-content\/uploads\/2021\/08\/AG316J_ag316j_21-300x300.jpg",300,300,true],"woocommerce_single":["https:\/\/supernamai.shop\/wp-content\/uploads\/2021\/08\/AG316J_ag316j_21-600x602.jpg",600,602,true],"woocommerce_gallery_thumbnail":["https:\/\/supernamai.shop\/wp-content\/uploads\/2021\/08\/AG316J_ag316j_21-100x100.jpg",100,100,true]},"uagb_author_info":{"display_name":"dovilejjj@yahoo.com","author_link":"https:\/\/supernamai.shop\/?author=0"},"uagb_comment_info":0,"uagb_excerpt":".","_links":{"self":[{"href":"https:\/\/supernamai.shop\/index.php?rest_route=\/wp\/v2\/product\/698"}],"collection":[{"href":"https:\/\/supernamai.shop\/index.php?rest_route=\/wp\/v2\/product"}],"about":[{"href":"https:\/\/supernamai.shop\/index.php?rest_route=\/wp\/v2\/types\/product"}],"replies":[{"embeddable":true,"href":"https:\/\/supernamai.shop\/index.php?rest_route=%2Fwp%2Fv2%2Fcomments&post=698"}],"wp:featuredmedia":[{"embeddable":true,"href":"https:\/\/supernamai.shop\/index.php?rest_route=\/wp\/v2\/media\/1150"}],"wp:attachment":[{"href":"https:\/\/supernamai.shop\/index.php?rest_route=%2Fwp%2Fv2%2Fmedia&parent=698"}],"wp:term":[{"taxonomy":"product_cat","embeddable":true,"href":"https:\/\/supernamai.shop\/index.php?rest_route=%2Fwp%2Fv2%2Fproduct_cat&post=698"},{"taxonomy":"product_tag","embeddable":true,"href":"https:\/\/supernamai.shop\/index.php?rest_route=%2Fwp%2Fv2%2Fproduct_tag&post=698"}],"curies":[{"name":"wp","href":"https:\/\/api.w.org\/{rel}","templated":true}]}}